{"id":103,"date":"2022-06-14T16:00:58","date_gmt":"2022-06-14T16:00:58","guid":{"rendered":"https:\/\/www.sabbadius.com\/?page_id=103"},"modified":"2026-03-26T14:52:15","modified_gmt":"2026-03-26T14:52:15","slug":"vibes","status":"publish","type":"page","link":"https:\/\/www.sabbadius.com\/?page_id=103","title":{"rendered":"VIBES"},"content":{"rendered":"<p><em><span style=\"color: #ffffff;\"><strong>DIFERENCIAS ENTRE LOS VIBES:<\/strong><\/span><\/em><\/p>\n<p><span style=\"color: #ffffff;\"><em>La version 1968 es la que comenz\u00f3 todo, esta versi\u00f3n es como el Uni-Vibe de 1968 hecha por Honey UNICORD y es la m\u00e1s popular porque es la versi\u00f3n que se supone Jimi Hendrix sol\u00eda utilizar y a diferencia de las versiones 69 y FILLMORE EAST el 68 llega a una velocidad mas rapida que las versiones 69 y FILLMOREEAST.<\/em><\/span><\/p>\n<p>&#8211; * La versi\u00f3n SABBADIUS 1968 Funky-Vibe ST: Basado en el Uni-Vibe original Honey UNICORD de 1968, esta versi\u00f3n es la m\u00e1s popular y ampliamente asociada con Jimi Hendrix. Ofrece una velocidad m\u00e1xima m\u00e1s alta que los modelos posteriores, brindando una modulaci\u00f3n m\u00e1s profunda y sensible. Podes ir de pulsos (Throb) lentos y bien marcados a pulsos (Throb) rapidos, marcados y \u00abacuosos\u00bb<\/p>\n<p>* La versi\u00f3n Sabbadius 1969 Funky-Vibe:<\/p>\n<p>Es la que hizo Shin-ei Companion en Jap\u00f3n en 1969 cuando la compa\u00f1\u00eda Honey UNICORD entr\u00f3 en bancarrota, por lo que esta compa\u00f1\u00eda japonesa comenz\u00f3 a fabricarlos y cambi\u00f3 algunos componentes internos que hacen que el sonido sea ligeramente diferente en comparaci\u00f3n con el Uni-Vibe de 1968. Esta versi\u00f3n fue la utilizada por David Gilmour, Robin Trower, incluso por Jimi Hendrix entre otros.<\/p>\n<p>SABBADIUS 1969 Funky-Vibe ST: Inspirado en la versi\u00f3n fabricada por Shin-ei Companion en 1969, tras la quiebra de Honey UNICORD. Aunque mantiene la esencia del Uni-Vibe original, incorpora cambios en los componentes internos que le otorgan un car\u00e1cter<br \/>\ntonal ligeramente distinto, similar a los sonidos utilizados por David Gilmour, Robin Trower y<br \/>\nHendrix en sus \u00faltimos a\u00f1os.<\/p>\n<p>* La versi\u00f3n Sabbadius FILLMORE EAST Special Edition:<\/p>\n<p>Cuando Honey UNICORD se declar\u00f3 en bancarrota y cambi\u00f3 a Shin-ei Companion, se usaron algunas partes de 1968 y otras de 1969 y esa mezcla dio como resultado el FILLMORE EAST que es una mezcla del 1968 y el 1969. El SABBADIUS FILLMORE EAST Funky-Vibe ST: Seg\u00fan algunos expertos en Uni-Vibe, esta podr\u00eda haber sido la versi\u00f3n utilizada por Jimi<br \/>\nHendrix entre 1969 y 1970, mientras que otros sostienen que Jimi usaba un Uni-Vibe 1968 en los Estados Unidos y una versi\u00f3n 1969 en Europa. Lo cierto es que si uno presta atenci\u00f3n al sonido de una misma canci\u00f3n tocada en EE. UU. y luego en Europa (incluyendo<br \/>\nInglaterra), se percibe que el \u00abpulso\u00bb del Vibe y la \u00abonda sonora\u00bb del efecto no evocan el mismo sonido \u00abChewy\u00bb que a menudo se asocia con las presentaciones de Jimi. Descubrimos que la versi\u00f3n SABBADIUS FILLMORE EAST Funky-Vibe ST captura ese \u201cCHEWY SOUND\u201d similar<br \/>\nal de las unidades Uni-Vibe de 1969 y 1970.<\/p>\n<p>* La versi\u00f3n Funky-Vibe de Sabbadius WOODSTOCK:<br \/>\nLa versi\u00f3n Funky-Vibe WOODSTOCK tiene m\u00e1s control en la perilla SPEED que va desde VELOCIDADES realmente LENTAS hasta VELOCIDADES extremadamente rapidas para alcanzar todos los par\u00e1metros que una perilla de VELOCIDAD necesita cubrir en un pedal tipo Uni-Vibe.<br \/>\nLas Nuevas Fotoc\u00e9lulas CdS de 7 mm HECHAS A MEDIDA para SABBADIUS aumentar\u00e1n la INTENSIDAD del latido en todos los aspectos y vas a sentir ese sonido arremolinado de doble pulso que JIMI HENDRIX experimento con el Uni-Vibe original que us\u00f3.<\/p>\n<ul>\n<li>La version MAUI Funky-Vibe:<\/li>\n<li>&#8211; Jimi Hendrix toc\u00f3 en MAUI el 30 de julio de 1970 para 400 personas durante la pel\u00edcula llamada Rainbow Bridge en Hawai.<br \/>\nJimi estaba vestido con una camisa negra con bolas redondas plateadas y turquesas y 2 lineas plateadas\/blancas y pantalones Oxford negros. Jimi empu\u00f1aba su incre\u00edble Fender Stratocaster Olympic White con m\u00e1stil de arce. y su guitarra Gibson Flying V. Es por eso que el Nuevo SABBADIUS Maui Funky-Vibe viene en ese color negro y LED\u00b4s azules.<br \/>\nSABBADIUS presenta la versi\u00f3n Maui Funky-Vibe para conmemorar este incre\u00edble concierto.<br \/>\nLa versi\u00f3n SABBADIUS Maui Funky-Vibe tiene m\u00e1s control en el rango de VELOCIDADES r\u00e1pidas y menos velocidades bajas aumentando la modulaci\u00f3n de onda de fase como se ha estado escuchando en la canci\u00f3n \u00abHEY BABY (NEW RISING SUN)\u00bb. \u201cPara obtener ese tono jugoso y grueso, puede jugar con la perilla INTENSITY de 4 a 6 y la perilla de SPEED de 2 a 4 para obtener ese sonido Uni-Vibe agradable y chicloso que sol\u00eda usar Jimi\u201d. (Esta configuraci\u00f3n puede variar de unidad a unidad teniendo en cuenta que los potenci\u00f3metros suelen tener una tolerancia de +- 20%, le aconsejo que siga su propio o\u00eddo para identificar cu\u00e1l es la mejor configuraci\u00f3n para usted).<\/li>\n<li><em><strong><span style=\"color: #ffffff;\">Las 5 versiones mencionadas ac\u00e1 cuentan con las nuevas mismas fotoc\u00e9lulas CdS de 7 mm\u00a0 HECHAS A MEDIDA para SABBADIUS Electronics lo cual aumentar\u00e1n la INTENSIDAD del latido o pulso (Throb) en todos los aspectos y sentir\u00e1s ese sonido arremolinado. acuoso e intenso que JIMI HENDRIX EXPERIMENT\u00d3 con el Uni-Vibe original que \u00e9l us\u00f3.<\/span><\/strong><\/em><\/li>\n<\/ul>\n<p><em><strong><span style=\"color: #ffffff;\">Las 5 versiones son impresionantes, realmente un sonido submarino en 3D y tonos ligeramente diferentes que no es f\u00e1cil notar.<\/span><\/strong><\/em><\/p>\n<p><em><strong><span style=\"color: #ffffff;\">Obtendr\u00e1s lo que necesitas con cualquiera de las 5 versiones.<\/span><\/strong><\/em><\/p>\n<div class=\"woocommerce columns-3 \"><\/div>\n","protected":false},"excerpt":{"rendered":"<p>DIFERENCIAS ENTRE LOS VIBES: La version 1968 es la que comenz\u00f3 todo, esta versi\u00f3n es como el Uni-Vibe de 1968<\/p>\n<p><a href=\"https:\/\/www.sabbadius.com\/?page_id=103\" class=\"more-link\">Seguir leyendo<span class=\"screen-reader-text\">VIBES<\/span><\/a><\/p>\n","protected":false},"author":2,"featured_media":150,"parent":0,"menu_order":0,"comment_status":"closed","ping_status":"closed","template":"","meta":{"footnotes":""},"class_list":["post-103","page","type-page","status-publish","has-post-thumbnail","hentry"],"_links":{"self":[{"href":"https:\/\/www.sabbadius.com\/index.php?rest_route=\/wp\/v2\/pages\/103","targetHints":{"allow":["GET"]}}],"collection":[{"href":"https:\/\/www.sabbadius.com\/index.php?rest_route=\/wp\/v2\/pages"}],"about":[{"href":"https:\/\/www.sabbadius.com\/index.php?rest_route=\/wp\/v2\/types\/page"}],"author":[{"embeddable":true,"href":"https:\/\/www.sabbadius.com\/index.php?rest_route=\/wp\/v2\/users\/2"}],"replies":[{"embeddable":true,"href":"https:\/\/www.sabbadius.com\/index.php?rest_route=%2Fwp%2Fv2%2Fcomments&post=103"}],"version-history":[{"count":37,"href":"https:\/\/www.sabbadius.com\/index.php?rest_route=\/wp\/v2\/pages\/103\/revisions"}],"predecessor-version":[{"id":1143,"href":"https:\/\/www.sabbadius.com\/index.php?rest_route=\/wp\/v2\/pages\/103\/revisions\/1143"}],"wp:featuredmedia":[{"embeddable":true,"href":"https:\/\/www.sabbadius.com\/index.php?rest_route=\/wp\/v2\/media\/150"}],"wp:attachment":[{"href":"https:\/\/www.sabbadius.com\/index.php?rest_route=%2Fwp%2Fv2%2Fmedia&parent=103"}],"curies":[{"name":"wp","href":"https:\/\/api.w.org\/{rel}","templated":true}]}}