{"id":383,"date":"2022-06-20T16:32:51","date_gmt":"2022-06-20T16:32:51","guid":{"rendered":"https:\/\/www.sabbadius.com\/?post_type=product&#038;p=383"},"modified":"2025-10-31T14:45:59","modified_gmt":"2025-10-31T14:45:59","slug":"mr-white-special-ii-2","status":"publish","type":"product","link":"https:\/\/www.sabbadius.com\/?product=mr-white-special-ii-2","title":{"rendered":"Mr. White SPECIAL II"},"content":{"rendered":"<p>Las 7 SUPER CARACTER\u00cdSTICAS de SABBADIUS Mr. White SPECIAL II<\/p>\n<p>Pedal anal\u00f3gico con switch100% True BYPASS.<\/p>\n<p>El Mr. White SPECIAL II es un pedal de Booster especialmente dise\u00f1ado para resaltar solos de guitarra o simular amplificadores valvulares.<\/p>\n<p>Stevie Ray Vaughan sol\u00eda tener un sonido muy c\u00e1lido, rico en medios y tonos arm\u00f3nicos dado por su guitarra y el equipo que utilizaba como el Dumble Steel String Singer, Fender Super Reverb, Fender Vibroverb, Fender Bassman, entre otros modificados por C\u00e9sar D\u00edaz.<\/p>\n<p>Jimi Hendrix sol\u00eda tocar en el estudio usando un Fender Dual Showman, un Guild Pre Amp, un Fender Bassman y Marshall\u00b4s con mucha ganancia y seteaba todas las perillas para \u00abromper\u00bb los altavoces y forzar a las valvulas a dar esos tonos cl\u00e1sicos de Jimi Hendrix. Esto le permite obtener esos tonos de respuesta dulces y enfatizados.<\/p>\n<p>El SABBADIUS Mr. White SPECIAL II fue dise\u00f1ado para acercarse a los sonidos del equipo mencionado anteriormente pero en el proceso descubr\u00ed diferentes opciones de uso y combinaciones que se pueden obtener con este pedal y sus controles:<\/p>\n<p>1- Simular un Amplificador de valvuls con sonidos roto como si estuviese a todo volumen que le da m\u00e1s saturaci\u00f3n al sonido o m\u00e1s claridad si prefieres medios m\u00e1s ricos a bajos volumenes.<\/p>\n<p>2- Si ya tiene un amplificador de v\u00e1lvulas y no puede subir el volumen para saturar las valvulas y obtener ese sonido de amplificador de v\u00e1lvular en particular, con el Mr. White SPECIAL II puede obtener la misma saturaci\u00f3n natural de su equipo a bajos vol\u00famenes. Para obtener esos tonos y sonidos diferentes puede elegir entre 2 modos diferentes:<\/p>\n<p>* MODO DE INTERRUPTOR DE CAMBIO JIMI:<\/p>\n<p>JIMI \/ ON y JIMI \/ OFF<\/p>\n<p>* MODO DE INTERRUPTOR DE CAMBIO SRV:<\/p>\n<p>SRV SUCIO Y SRV LIMPIO<\/p>\n<p>3- Las cadenas largas de pedales que no son TBP (True Bypass) o TBP pero tienen una larga cadena de efectos en su pedalera, tienden a absorber el sonido original de su equipo como los tonos agudos y medios. Al conectar el SABBADIUS Mr. White al final de la cadena (antes del amplificador) y al ajustar la perilla de SALIDA al m\u00e1ximo y el CONTROL DE BOOST a 5 agrega todos esos tonos brillantes y medios que su sonido perdi\u00f3 en la cadena larga obteniendo as\u00ed Su sonido original de vuelta.<\/p>\n<p>4- Puede cambiar la funci\u00f3n del SABBADIUS Mr. White SPECIAL II conect\u00e1ndolo antes o despu\u00e9s de los pedales de ganancia, como los pedales Overdrive, Fuzz o Distortion.<\/p>\n<ul>\n<li>Si conecta el Mr. White SPECIAL II despu\u00e9s de un pedal de distorsi\u00f3n, agregar\u00e1 un volumen y retroalimentaci\u00f3n significativos La adici\u00f3n de estos elementos a Distortion, Overdrive, Fuzz, etc. mejora los tonos arm\u00f3nicos, lo cual es ideal para Blues, Rock, Funk solo, entre otros.<\/li>\n<li>Si conecta el Mr. White antes de los pedales de ganancia, como los pedales Overdrive, Distortion o Fuzz, etc\u2026 saturar\u00e1 sus Distortiones y agregar\u00e1 m\u00e1s sustain; \u00abrealzar\u00e1\u00bb el sonido y agregar\u00e1 volumen a los solos o enriquecer\u00e1 el sonido de su pedal de ganancia. (Esta configuraci\u00f3n se recomienda para estilos como Metal, Grunge, Hardcore, Hard Rock, Punk, etc.)<\/li>\n<\/ul>\n<p>5- Si no est\u00e1 interesado en llevar su amplificador a lugares peque\u00f1os como bares, o salas peque\u00f1as, puede convertir su Mr. White SPECIALL II en un \u00abpreamplificador simulador de v\u00e1lvulas al rojo vivo con coraz\u00f3n azul\u00bb.<\/p>\n<ul>\n<li>Al conectar el Mr. White al final de su cadena de pedales y directamente a la consola, puede lograr ese sonido de amplificador de v\u00e1lvulas, ya sea saturado o limpio y manejar la cantidad de volumen y saturaci\u00f3n de su pedal y dar la ecualizacion con su el control de tonos de su guitarra y consola para no depender completamente del ingeniero de sonido.<\/li>\n<\/ul>\n<p>6- el \u00abJimi Magic Pre-Amp\u00bb (JIMI \/ ON &amp; JIMI \/ OFF) esto le permite cambiar el volumen de su amplificador hacia abajo y aumentar la ganancia. con este pedal aumentar\u00e1 en arm\u00f3nicos, saturaci\u00f3n, respuestas en graves y brillos dando como el sonido caracter\u00edstico de Jimi Hendrix en el estudio como si estuvieras usando un Fender Dual Showman o un Fender Bassman. Cuando vea la luz PURPURA ENCENDIDA significa que este mod est\u00e1 ENCENDIDO y notar\u00e1 una peque\u00f1a ca\u00edda de volumen, pero aumentar\u00e1 la ganancia. Para esta configuraci\u00f3n, recomiendo usarlo como el \u00faltimo pedal en su cadena antes de la entrada del amplificador.<\/p>\n<p>7- El Mr. White SPECIAL II es una excelente opci\u00f3n para usarlo como preamplificador para guitarras ac\u00fasticas para dar m\u00e1s din\u00e1mica y enriquecer los tonos y evitar el t\u00edpico \u00bb ruido HUM \u00bb de la retroalimentaci\u00f3n y la microfon\u00eda \u00a0hecha por el orificio de la guitarra y la caja de resonancia .<\/p>\n<p>Controles del Mr. SPECIAL II 2020:<\/p>\n<p>* &#8211; BOOST: Perilla que cambia la cantidad. de \u00abBOOST\u00bb \u201cSATURADOR DE SONIDO\u201d<\/p>\n<p>* &#8211; OUTPUT: Perilla que controla el volumen o la salida.<\/p>\n<p>* &#8211; INTERRUPTOR DE CAMBIO JIMI \/ ON &amp; JIMI \/ OFF: Con este interruptor de palanca puede activar o desactivar el \u00abModo de preamplificador Jimi\u00bb<\/p>\n<p>(El preamplificador \u201cJIMI HENDRIX\u201d funciona SOLO cuando el LED PURPURA y el LED ROJO est\u00e1n ENCENDIDOS juntos).<\/p>\n<p>* &#8211; SRV CLEAN &amp; SRV DIRTY: con este interruptor de palanca puede establecer TONOS m\u00e1s saturados \u201cDIRTY\u201d o un sonido \u201cCLEAN\u201d Boost.<\/p>\n<p>NOTA: Puede mezclar ambos interruptores de palanca para obtener diferentes tipos de sonidos, si desea que el tipo JIMI HENDRIX de tonos Fuzz encienda el preamplificador JIMI configurando el interruptor de palanca EN LA POSICION JIMI \/ ON y la posici\u00f3n SRV DIRTY.<\/p>\n<p>Si desea tonos SRV TALES COMO \u201cLENNY\u201d o \u201cRIVIERA PARADISE\u201d, ajuste la posici\u00f3n SRV CLEAN y apague el preamplificador JIMI.<\/p>\n","protected":false},"excerpt":{"rendered":"<p>Las 7 SUPER CARACTER\u00cdSTICAS de SABBADIUS Mr. White SPECIAL II Pedal anal\u00f3gico con switch100% True BYPASS. El Mr. White SPECIAL<\/p>\n<p><a href=\"https:\/\/www.sabbadius.com\/?product=mr-white-special-ii-2\" class=\"more-link\">Seguir leyendo<span class=\"screen-reader-text\">Mr. White SPECIAL II<\/span><\/a><\/p>\n","protected":false},"featured_media":1003,"template":"","meta":[],"product_brand":[],"product_cat":[138],"product_tag":[54,52,56,50,136,58,60],"class_list":{"0":"post-383","1":"product","2":"type-product","3":"status-publish","4":"has-post-thumbnail","6":"product_cat-boost-overdrive-es","7":"product_tag-boost","8":"product_tag-booster","9":"product_tag-jimi-hendrix","10":"product_tag-mr-white","11":"product_tag-overdrive","12":"product_tag-srv","13":"product_tag-stevie-ray-vaughan","15":"first","16":"instock","17":"shipping-taxable","18":"product-type-simple"},"_links":{"self":[{"href":"https:\/\/www.sabbadius.com\/index.php?rest_route=\/wp\/v2\/product\/383","targetHints":{"allow":["GET"]}}],"collection":[{"href":"https:\/\/www.sabbadius.com\/index.php?rest_route=\/wp\/v2\/product"}],"about":[{"href":"https:\/\/www.sabbadius.com\/index.php?rest_route=\/wp\/v2\/types\/product"}],"wp:featuredmedia":[{"embeddable":true,"href":"https:\/\/www.sabbadius.com\/index.php?rest_route=\/wp\/v2\/media\/1003"}],"wp:attachment":[{"href":"https:\/\/www.sabbadius.com\/index.php?rest_route=%2Fwp%2Fv2%2Fmedia&parent=383"}],"wp:term":[{"taxonomy":"product_brand","embeddable":true,"href":"https:\/\/www.sabbadius.com\/index.php?rest_route=%2Fwp%2Fv2%2Fproduct_brand&post=383"},{"taxonomy":"product_cat","embeddable":true,"href":"https:\/\/www.sabbadius.com\/index.php?rest_route=%2Fwp%2Fv2%2Fproduct_cat&post=383"},{"taxonomy":"product_tag","embeddable":true,"href":"https:\/\/www.sabbadius.com\/index.php?rest_route=%2Fwp%2Fv2%2Fproduct_tag&post=383"}],"curies":[{"name":"wp","href":"https:\/\/api.w.org\/{rel}","templated":true}]}}