{"id":434,"date":"2022-06-26T14:23:19","date_gmt":"2022-06-26T14:23:19","guid":{"rendered":"https:\/\/www.sabbadius.com\/?post_type=product&#038;p=434"},"modified":"2026-03-26T14:40:04","modified_gmt":"2026-03-26T14:40:04","slug":"funky-vibe-woodstock-2","status":"publish","type":"product","link":"https:\/\/www.sabbadius.com\/?product=funky-vibe-woodstock-2","title":{"rendered":"Funky-Vibe WOODSTOCK"},"content":{"rendered":"<p>Jimi Hendrix toc\u00f3 en WOODSTOCK en el a\u00f1o 1969 para 50.000 personas. Jimi dijo que fue una de las mejores actuaciones y experiencias que hab\u00eda tenido. Vestido con una chaqueta de cuero blanco con peque\u00f1as bolas de color turquesa y otras verde en sus tiras de cuero y pantalones tipo Oxford azul claro, Jimi empu\u00f1aba su incre\u00edble Fender Stratocaster Olimpic White con mango de Maple.<\/p>\n<p>&nbsp;<\/p>\n<p>Ahora SABBADIUS presenta la versi\u00f3n \u00a0Funky<em>&#8211;<\/em>Vibe para conmemorar este incre\u00edble concierto.<\/p>\n<p>El SABBADIUS\u00a0 Funky<em>&#8211;<\/em>Vibe tiene fotoc\u00e9lulas CdS PERSONALIZADAS de 7 mm exclusivamente hechas para SABBADIUS y una lamparita japonesa original de los a\u00f1os 70 para dar ese tono cl\u00e1sico \u201cCHEWY\u201d de un buen Uni-Vibe. El SABBADIUS WOODSTOCK Funky<em>&#8211;<\/em>Vibe tiene m\u00e1s control en la perilla SPEED que va de VELOCIDADES muy LENTAS a VELOCIDADES muy R\u00c1PIDAS para alcanzar todos los par\u00e1metros de VELOCIDAD que necesita un pedal tipo Uni-Vibe.<\/p>\n<p>Las Fotoc\u00e9lulas CdS de 7mm HECHAS A MEDIDA aumentar\u00e1n la INTENSIDAD del latido en todos los aspectos y vas a sentir ese sonido DE DOBLE PULSO que JIMI HENDRIX EXPERIMENT\u00d3 con el Uni-Vibe original que \u00e9l us\u00f3.<\/p>\n<p>&nbsp;<\/p>\n<p>* Los transistores utilizados aqu\u00ed son 2sC828 para la ruta de la se\u00f1al y DEL TIPO 2sC539 para la secci\u00f3n de pre-amplificador como en el Uni-Vibe original. El pedal cuenta con 3 perillas, que ajustan VOLUME, INTENSITY y SPEED. Tiene una conexi\u00f3n de salida de 1\/4 de pulgada (6.5 mm) para un pedal de expresi\u00f3n que le permite controlar la velocidad con su pie (Pedal de expresi\u00f3n NO incluido). Tambi\u00e9n cuenta con 2 conmutadores de pedal: uno de ellos activa el efecto de True Bypass, el otro conmutador es la funci\u00f3n CANCEL que te permite usar el pedal como Pre-Amp o como los sonidos originales del efecto Uni-Vibe &#8230;, esto significa que apagas la bombilla manteniendo una alta impedancia en las fotoc\u00e9lulas que le da al sonido un maravilloso Pre-Amp como lo hizo el Original Uni-Vibe en el pedal de control con el interruptor t\u00e1ctil. Tiene un interruptor suave pintado a mano con aer\u00f3grafo y pintura esmaltada lacada con laca brillo para una mayor durabilidad de la pintura. El interruptor es suave al tacto de color ROJO \/ BLANCO para que usted configure los modos, cuando la POSICI\u00d3N ROJA est\u00e1 ABAJO activa el MODO \u00abCORO\u00bb y cuando la POSICI\u00d3N BLANCA EST\u00c1 ABAJO usted est\u00e1 en MODO \u00abVIBRATO\u00bb.<\/p>\n<p>El SABBADIUS\u00a0 Funky<em>&#8211;<\/em>Vibe tiene un transformador incorporado dentro del gabinete como el Uni-Vibe original con la potencia y voltaje correctos para obtener el mejor rendimiento y tiene el cable de la unidad para conectarse a la pared.<\/p>\n<p>El transformador de ENTRADA puede ser de 100Vac, 120Vac, 127Vac, 220Vac, 230Vac y 240Vac.<\/p>\n<p>El pedal se enviar\u00e1 con el transformador correcto al pa\u00eds que realiza el pedido, por ejemplo, si eres de ESTADOS UNIDOS recibir\u00e1s un SABBADIUS\u00a0 Funky<em>&#8211;<\/em>Vibe con un transformador dentro de 120Vac INPUT, si eres de ESPA\u00d1A recibir\u00e1s un transformador interior de 230Vac.<\/p>\n<p>El pedal tiene una toma de fusible con un fusible en el interior que est\u00e1 ah\u00ed para proteger el circuito en caso de que haya una sobrecarga de voltaje. La unidad viene con un fusible en el interior y otro en el exterior como respaldo, tambi\u00e9n viene con 2 piezas. Transistores 2sC828 para respaldo tambi\u00e9n.<\/p>\n<p>&nbsp;<\/p>\n<p>Especifcaciones:<\/p>\n<p>* LED rojo que interactura de igual manera que la bombilla dentro de la unidad para que pueda \u00abver la velocidad del efecto.<\/p>\n<p>* VOLUME: establece el volumen de salida.<\/p>\n<p>* SPEED: establece la velocidad del efecto en cualquier modo.<\/p>\n<p>* INTENSIDAD: establece la intensidad o profundidad del efecto.<\/p>\n<p>* CHORUS &#8211; VIBRATO ROCKER SWITCH: establece si se activa el modo Chorus o el modo Vibrato.<\/p>\n<p>* CANCEL: activa la l\u00e1mpara para hacer el efecto o para apagar la l\u00e1mpara y usar solo el preampli\uf001cador como lo hace el Uni-Vibe original.<\/p>\n<p>* Conector de pedal de expresi\u00f3n: conector de salida de 1\/4 de pulgada (6,5 mm) (Amphenol) para un pedal de expresi\u00f3n,<\/p>\n<p>permitiendo controlar la velocidad del efecto con el pie.<\/p>\n<p><em>IMPORTANTE:<\/em> NO se puede usar cualquier pedal de expresi\u00f3n, ya que puede averiar el Funky<em>&#8211;<\/em>Vibe, se necesita fabricar uno especial lo cual se incluye un manual de como fabricarse uno mismo el pedal y que partes son necesarias para hacerlo (PEDAL DE \u00a0EXPRESI\u00d3N NO INCLUIDO)<\/p>\n<p>* POWER SW. ON \/ OFF: permite que la corriente fluya hacia el circuito.<\/p>\n<p>* TRUE BYPASS: pedal 3PDT True Bypass de calidad premium para activar \/ desactivar el efecto.<\/p>\n<p>* INSTRUMENT: conector de entrada (Neutrik) de 1\/4 de pulgada (6,5 mm) para instrumentos.<\/p>\n<p>* OUTPUT: conector de salida de 1\/4 de pulgada (6,5 mm) (Neutrik) para ampli\uf001cadores u otros efectos.<\/p>\n<p>* CORRIENTE DE ENTRADA: 100, 120, 127, 220, 230, O 240Vac transformador hecho a medida.<\/p>\n<p>* Soft Rocker Switch ROJO \/ BLANCO: Pintado a mano con aer\u00f3grafo y laca transparente para un acabado mas brillantes y de mayor duraci\u00f3n.<\/p>\n<p>* Toma de fusible con un fusible en el interior que sirve para proteger el circuito en caso de que haya un sobrecarga en el voltaje.<\/p>\n<p>La unidad viene con 2 fusibles, un fusible dentro del enchufe y otro fuera como respaldo.<\/p>\n<p>* 100% soldado y cableado a mano.<\/p>\n<p>* Circuito 100% anal\u00f3gico.<\/p>\n<p>* Material: Carcasa de aluminio.<\/p>\n<p>* Tama\u00f1o: Largo 182 mm x Ancho 115 mm x Alto 60mm. Peso: 925grs. Aprox.<\/p>\n","protected":false},"excerpt":{"rendered":"<p>Jimi Hendrix toc\u00f3 en WOODSTOCK en el a\u00f1o 1969 para 50.000 personas. Jimi dijo que fue una de las mejores<\/p>\n<p><a href=\"https:\/\/www.sabbadius.com\/?product=funky-vibe-woodstock-2\" class=\"more-link\">Seguir leyendo<span class=\"screen-reader-text\">Funky-Vibe WOODSTOCK<\/span><\/a><\/p>\n","protected":false},"featured_media":186,"template":"","meta":[],"product_brand":[],"product_cat":[62,88,15],"product_tag":[93,125,56,95,97,123],"class_list":{"0":"post-434","1":"product","2":"type-product","3":"status-publish","4":"has-post-thumbnail","6":"product_cat-sin-categorizar-es","7":"product_cat-sin-categorizar-en-es","8":"product_cat-sin-categorizar","9":"product_tag-funky-vibe","10":"product_tag-izabella","11":"product_tag-jimi-hendrix","12":"product_tag-uni-vibe","13":"product_tag-univibe","14":"product_tag-woodstock","16":"first","17":"instock","18":"shipping-taxable","19":"product-type-simple"},"_links":{"self":[{"href":"https:\/\/www.sabbadius.com\/index.php?rest_route=\/wp\/v2\/product\/434","targetHints":{"allow":["GET"]}}],"collection":[{"href":"https:\/\/www.sabbadius.com\/index.php?rest_route=\/wp\/v2\/product"}],"about":[{"href":"https:\/\/www.sabbadius.com\/index.php?rest_route=\/wp\/v2\/types\/product"}],"wp:featuredmedia":[{"embeddable":true,"href":"https:\/\/www.sabbadius.com\/index.php?rest_route=\/wp\/v2\/media\/186"}],"wp:attachment":[{"href":"https:\/\/www.sabbadius.com\/index.php?rest_route=%2Fwp%2Fv2%2Fmedia&parent=434"}],"wp:term":[{"taxonomy":"product_brand","embeddable":true,"href":"https:\/\/www.sabbadius.com\/index.php?rest_route=%2Fwp%2Fv2%2Fproduct_brand&post=434"},{"taxonomy":"product_cat","embeddable":true,"href":"https:\/\/www.sabbadius.com\/index.php?rest_route=%2Fwp%2Fv2%2Fproduct_cat&post=434"},{"taxonomy":"product_tag","embeddable":true,"href":"https:\/\/www.sabbadius.com\/index.php?rest_route=%2Fwp%2Fv2%2Fproduct_tag&post=434"}],"curies":[{"name":"wp","href":"https:\/\/api.w.org\/{rel}","templated":true}]}}