{"id":440,"date":"2022-06-26T15:05:23","date_gmt":"2022-06-26T15:05:23","guid":{"rendered":"https:\/\/www.sabbadius.com\/?post_type=product&#038;p=440"},"modified":"2025-10-31T14:32:01","modified_gmt":"2025-10-31T14:32:01","slug":"love-drops-fuzz","status":"publish","type":"product","link":"https:\/\/www.sabbadius.com\/?product=love-drops-fuzz","title":{"rendered":"Love Drops Fuzz"},"content":{"rendered":"<p>El Love Drops Fuzz es un pedal de efecto fuzz inspirado en uno de los usuarios de Fuzz m\u00e1s influyentes y uno de los mejores guitarristas del mundo, el inigualable jimi hendrix y su guitarra Gibson Psychedelic Flying V, llamada \u00abLove Drops\u00bb que esta pintada a mano. \u00abHendrix modi\ufb01c\u00f3 la cejuela y el bot\u00f3n de la correa y pint\u00f3 el instrumento \u00e9l mismo con esmalte de u\u00f1as.<\/p>\n<p>\u00abCuando Hendrix le dio la guitarra a Mick Cox de la banda irlandesa Eire Apparent en 1969, Cox la repint\u00f3 en negro y elimin\u00f3 el dise\u00f1o original. En la d\u00e9cada de 1990 , el m\u00fasico de sesi\u00f3n Dave Brewis adquiri\u00f3 el instrumento y restaur\u00f3 la pintura original de Hendrix\u201d.<\/p>\n<p>El Love Drops Fuzz es algo en lo que nadie pens\u00f3 o construy\u00f3&#8230; \u00bfpor qu\u00e9? Porque todos los fabricantes de pedales quieren hacer el mismo pedal que hacen otras compa\u00f1\u00edas, usando los mismos transistores, una y otra vez. Me hice la pregunta: \u00bfQu\u00e9 pedal de fuzz usar\u00eda Jimi Hendrix hoy si todav\u00eda estuviera vivo? Vi cientos de v\u00eddeos de Jimi tocando en diferentes lugares, Ej: Isle of Wight, Estocolmo, entre otros y<br \/>\nsu fuzz ten\u00eda problemas para trabajar junto con su wah-wah. Su fuzz ten\u00eda ese ruido parecido a un silbido de acople constante que lo volv\u00eda loco. Entonces, utilic\u00e9 todo mi conocimiento en Fuzz Faces y decid\u00ed poner transistores de bajo ruido con transistores de silicio de baja a media ganancia para que suenen m\u00e1s como un fuzz de germanio porque a Jimi le gustaba la calidez del fuzz de germanio pero no le gustaba c\u00f3mo responden cuando el clima no era favorable para ese tipo de transistor&#8230;<br \/>\nDesafortunadamente, los transistores de germanio del Fuzz Face eran extremadamente poco confiables<br \/>\ncuando se expon\u00edan a las luces calientes del escenario o al sol durante los conciertos al aire libre. Jimi<br \/>\nreuni\u00f3 varios pedales Fuzz Face y prob\u00f3 varios durante la prueba de sonido para elegir el que pens\u00f3 que<br \/>\nsonaba mejor ese d\u00eda en particular. Eventualmente, se cans\u00f3 de los transistores poco confiables en sus<br \/>\npedales Fuzz Face, por lo que Roger Mayer los modific\u00f3.<br \/>\nLos transistores de silicio que eleg\u00ed para este Fuzz son los Matsushita 2sC828A-Q. Estos transistores no<br \/>\nson 2sC828 comunes como los que se usan en Uni-Vibe, estos tienen una ganancia (hFE) de clase \u201cA\u201d de 130hfe a 260hfe, (en mi opini\u00f3n) Complemento perfecto para transistores de silicio en \u00e9ste fuzz.<br \/>\nEl tiene algunas caracter\u00edsticas que hacen que este pedal Fuzz sea \u00fanico en el mercado hoy en d\u00eda, tiene una perilla llamada \u00abWAH WAH TRICK\u00bb que le permite hacer que este Fuzz sea un \u00abWah Wah friendly\u00bb, esto significa que puede usar este pedal fuzz con un wah wah sin tener ese molesto ruido tipo silbido que hace que los pedales fuzz no sean compatibles con los pedales wah wah y no podr\u00e1s hacer que tu wah wah suene o module como deber\u00eda. Puede colocar el antes\u00a0 o despu\u00e9s del pedal wah-wah y usar esta perilla \u00abWAH WAH TRICK\u00bb para establecer la posici\u00f3n correcta para que desaparezca el silbido. Otra cosa a tener en cuenta al usar el wah wah trick es que si no desea usar un wah wah con el fuzz, puede usar el \u00abWAH WAH TRICK\u00bb como \u00ablimpiador de Fuzz\u00bb, esto significa que puede limpiar un poco la \u00abefervescencia\u00bb del fuzz y convertir al mismo en una especie de Overdrive. Puede colocar las perillas de FUZZ, OUTPUT y WAH WAH TRICK al m\u00e1ximo y bajar el volumen de su guitarra para limpiar su tono como si el efecto fuzz estuviera APAGADO.<br \/>\nEl potenciometro de fuzz esta hecho a medida para SABBADIUS Electronics con una curva especial para<br \/>\ntener el mejor control en un pedal fuzz de 0 a 9, lo que le brinda la capacidad de usar todo el potencial<br \/>\ndel rango de la perilla, lo que le brinda m\u00e1s control del FUZZ.<br \/>\nEl pedal tiene 4 controles, OUTPUT, FUZZ, BIAS Y WAH WAH TRICK:SABBADIUS<\/p>\n<p>OUTPUT: El OUTPUT controla el volumen de salida.<br \/>\nFUZZ: La perilla FUZZ controla la cantidad de FUZZ que se agrega al efecto. Este control tambi\u00e9n puede<br \/>\nser manipulado por el control de volumen de la guitarra.<br \/>\nBIAS: \u00bfUn control BIAS en un Fuzz con transistores de silicio?, si, \u00bfpor qu\u00e9?<br \/>\nDecid\u00ed agregar este control fuera de la PCB para que los usuarios puedan obtener m\u00e1s tonos y sonidos<br \/>\npersonalizados jugando con el voltaje que controla el Q2.<br \/>\nWAH WAH TRICK: La perilla WAH WAH TRICK te permite usar un pedal de Wah-Wah con el fuzz. En varios pedales de fuzz no se pueden usar wah wah\u00b4s porque hace un ruido desagradable como un silbido cuando se utiliza el barrido del mismo hacia los graves o no aparece el efecto \u201cWah Wah\u201d perdiendo as\u00ed el efecto de modulaci\u00f3n. Con \u00e9ste control es posible hacer funcionar tu fuzz von el Wah Wah situando tu fuzz antes o despu\u00e9s del wah wah, produciendo as\u00ed un sonido wah-wah original y fuzz juntos modulando a la perfecci\u00f3n. Esta funci\u00f3n se puede activar o desactivar para controlar y generar \u00abEfervescencia\u00bb en el efecto FUZZ o para usarlo como overdrive.<\/p>\n","protected":false},"excerpt":{"rendered":"<p>El Love Drops Fuzz es un pedal de efecto fuzz inspirado en uno de los usuarios de Fuzz m\u00e1s influyentes<\/p>\n<p><a href=\"https:\/\/www.sabbadius.com\/?product=love-drops-fuzz\" class=\"more-link\">Seguir leyendo<span class=\"screen-reader-text\">Love Drops Fuzz<\/span><\/a><\/p>\n","protected":false},"featured_media":229,"template":"","meta":[],"product_brand":[],"product_cat":[138,145],"product_tag":[147,149,56,178,176,155,58],"class_list":{"0":"post-440","1":"product","2":"type-product","3":"status-publish","4":"has-post-thumbnail","6":"product_cat-boost-overdrive-es","7":"product_cat-fuzz","8":"product_tag-fuzz","9":"product_tag-fuzz-face","10":"product_tag-jimi-hendrix","11":"product_tag-love-drops","12":"product_tag-love-drops-fuzz","13":"product_tag-silicon-fuzz","14":"product_tag-srv","16":"first","17":"instock","18":"shipping-taxable","19":"product-type-simple"},"_links":{"self":[{"href":"https:\/\/www.sabbadius.com\/index.php?rest_route=\/wp\/v2\/product\/440","targetHints":{"allow":["GET"]}}],"collection":[{"href":"https:\/\/www.sabbadius.com\/index.php?rest_route=\/wp\/v2\/product"}],"about":[{"href":"https:\/\/www.sabbadius.com\/index.php?rest_route=\/wp\/v2\/types\/product"}],"wp:featuredmedia":[{"embeddable":true,"href":"https:\/\/www.sabbadius.com\/index.php?rest_route=\/wp\/v2\/media\/229"}],"wp:attachment":[{"href":"https:\/\/www.sabbadius.com\/index.php?rest_route=%2Fwp%2Fv2%2Fmedia&parent=440"}],"wp:term":[{"taxonomy":"product_brand","embeddable":true,"href":"https:\/\/www.sabbadius.com\/index.php?rest_route=%2Fwp%2Fv2%2Fproduct_brand&post=440"},{"taxonomy":"product_cat","embeddable":true,"href":"https:\/\/www.sabbadius.com\/index.php?rest_route=%2Fwp%2Fv2%2Fproduct_cat&post=440"},{"taxonomy":"product_tag","embeddable":true,"href":"https:\/\/www.sabbadius.com\/index.php?rest_route=%2Fwp%2Fv2%2Fproduct_tag&post=440"}],"curies":[{"name":"wp","href":"https:\/\/api.w.org\/{rel}","templated":true}]}}