{"id":444,"date":"2022-06-26T19:10:10","date_gmt":"2022-06-26T19:10:10","guid":{"rendered":"https:\/\/www.sabbadius.com\/?post_type=product&#038;p=444"},"modified":"2025-10-31T14:29:16","modified_gmt":"2025-10-31T14:29:16","slug":"black-gold-distortion","status":"publish","type":"product","link":"https:\/\/www.sabbadius.com\/?product=black-gold-distortion","title":{"rendered":"Black Gold Distortion"},"content":{"rendered":"<p>El SABBADIUS Black Gold es un pedal anal\u00f3gico muy vers\u00e1til que va desde un Booster<br \/>\npasando por ese sonido tan nombrado \u00faltimamente como \u201cGlassy\u201d (Vidrioso) a un Overdrive<br \/>\nc\u00e1lido pasando tambi\u00e9n por una distorsi\u00f3n suave a una distorsi\u00f3n dura hasta llegar al sonido<br \/>\nde un Fuzz.<br \/>\nEl SABBADIUS Black Gold \u201cVersatile Distortion \u201d est\u00e1 inspirado en el famoso ProCo RAT<br \/>\ny usa el circuito integrado OP07 o el LM308 al igual que la vieja versi\u00f3n de los a\u00f1os 80s y 90 s de del<br \/>\nmencionado pedal . Si bien vale aclarar que el SABBADIUS Black Gold no es una copia<br \/>\ndel RAT ya que tienen algunas modificaciones hechas en el control de tono y Distorsi\u00f3n<br \/>\nhaciendo as\u00ed a\u00fan m\u00e1s vers\u00e1til a \u00e9ste pedal.<br \/>\nSus controles son 3:<br \/>\nVOLUME: Controla el volumen y salida del efecto.<br \/>\nDRIVE: Con \u00e9ste control le das la cantidad de Drive ( Saturaci\u00f3n ) al efecto lo cual hace que sea<br \/>\nuna de las principales caracter\u00edsticas vers\u00e1tiles de este pedal. Desde Min. A Max. Pasas por<br \/>\nmuchos cambios de s onido y colores, Sustain y agresividad.<br \/>\nTONE: Este control controla el tono del efecto que va matizando desde los tonos m\u00e1s graves y<br \/>\nc\u00e1lidos hasta los tonos m\u00e1s chillantes y vidriosos que en conjunto con la perilla de DRIVE podes<br \/>\nobtener resultados incre\u00edbles.<br \/>\nEs un pedal 100% Hecho a Mano en C\u00f3rdoba Argentin a con Footswitch mec\u00e1nico 3 PDT (True<br \/>\nBypass)<br \/>\nSu alimentaci\u00f3n puede ser con bater\u00eda de 9 Volt la cual se aloja detr\u00e1s del 3PDT entre el<br \/>\nFootswitch y la chapa de la base trasera donde dice BAT. Tambien puede ser alimentado con<br \/>\nfunete de alimentaci\u00f3n regulada y estabilizada para pedales de 9 Volt -100mA Pin de 2.1mm<br \/>\n(CENTRO NEGATIVO ) como los pedales BOSS.<br \/>\nDimensiones: Largo 120mm x ancho 90mm (incluyendo los Jacks de entrada y salida) x Alto 55mm<br \/>\n(Incuyendo las perillas y las bases de apoyo)<br \/>\nPeso: 380grs. Aprox. Gabinete 100% de Aluminio.<\/p>\n","protected":false},"excerpt":{"rendered":"<p>El SABBADIUS Black Gold es un pedal anal\u00f3gico muy vers\u00e1til que va desde un Booster pasando por ese sonido tan<\/p>\n<p><a href=\"https:\/\/www.sabbadius.com\/?product=black-gold-distortion\" class=\"more-link\">Seguir leyendo<span class=\"screen-reader-text\">Black Gold Distortion<\/span><\/a><\/p>\n","protected":false},"featured_media":211,"template":"","meta":[],"product_brand":[],"product_cat":[138,145],"product_tag":[212,210,52,208,151,147,218,216,136,214],"class_list":{"0":"post-444","1":"product","2":"type-product","3":"status-publish","4":"has-post-thumbnail","6":"product_cat-boost-overdrive-es","7":"product_cat-fuzz","8":"product_tag-black-gold","9":"product_tag-black-gold-distortion","10":"product_tag-booster","11":"product_tag-distorsion","12":"product_tag-distortion","13":"product_tag-fuzz","14":"product_tag-gain","15":"product_tag-lm308","16":"product_tag-overdrive","17":"product_tag-rat","19":"first","20":"instock","21":"shipping-taxable","22":"product-type-simple"},"_links":{"self":[{"href":"https:\/\/www.sabbadius.com\/index.php?rest_route=\/wp\/v2\/product\/444","targetHints":{"allow":["GET"]}}],"collection":[{"href":"https:\/\/www.sabbadius.com\/index.php?rest_route=\/wp\/v2\/product"}],"about":[{"href":"https:\/\/www.sabbadius.com\/index.php?rest_route=\/wp\/v2\/types\/product"}],"wp:featuredmedia":[{"embeddable":true,"href":"https:\/\/www.sabbadius.com\/index.php?rest_route=\/wp\/v2\/media\/211"}],"wp:attachment":[{"href":"https:\/\/www.sabbadius.com\/index.php?rest_route=%2Fwp%2Fv2%2Fmedia&parent=444"}],"wp:term":[{"taxonomy":"product_brand","embeddable":true,"href":"https:\/\/www.sabbadius.com\/index.php?rest_route=%2Fwp%2Fv2%2Fproduct_brand&post=444"},{"taxonomy":"product_cat","embeddable":true,"href":"https:\/\/www.sabbadius.com\/index.php?rest_route=%2Fwp%2Fv2%2Fproduct_cat&post=444"},{"taxonomy":"product_tag","embeddable":true,"href":"https:\/\/www.sabbadius.com\/index.php?rest_route=%2Fwp%2Fv2%2Fproduct_tag&post=444"}],"curies":[{"name":"wp","href":"https:\/\/api.w.org\/{rel}","templated":true}]}}