{"id":448,"date":"2024-11-11T13:08:14","date_gmt":"2024-11-11T13:08:14","guid":{"rendered":"https:\/\/www.sabbadius.com\/?post_type=product&#038;p=448"},"modified":"2024-11-11T13:08:14","modified_gmt":"2024-11-11T13:08:14","slug":"triple-trouble","status":"publish","type":"product","link":"https:\/\/www.sabbadius.com\/?product=triple-trouble","title":{"rendered":"Triple Trouble"},"content":{"rendered":"<p>\u00a1\u00a1\u00a1\u00a1\u00a1\u00a1 NO SE FABRICA MAS !!!!<\/p>\n<p>&nbsp;<\/p>\n<p>Un pedal anal\u00f3gico triple con interruptores 3PDT independientes True Bypass y cableado 100% a mano.<\/p>\n<p>En 2012 decid\u00ed hacer un pedal que se llama \u00abTriple Trouble\u00bb en homenaje a SRV \u201cDouble Trouble\u201d que consta de 3 pedales:<\/p>\n<p>El SABBADIUS el TORO OVERDRIVE, El Mr. White SPECIAL ii y el 1988 Austin Texas Fuzz (con transistores de silicio) inspirado en el Texas Square Face de Cesar Diaz,<\/p>\n<ul>\n<li><strong><u>El Overdrive<\/u><\/strong>:<\/li>\n<\/ul>\n<p>Consiste en un tipo de Tubescreamer, pero con algunas modificaciones para dar un sonido m\u00e1s c\u00e1lido como el sonido original y cl\u00e1sico de finales de los a\u00f1os 80, su control de tono es tan vers\u00e1til que va desde los m\u00e1s profundos bajos a los agudos m\u00e1s vidriosos. \u00c9ste pedal esta equipado con diodos TOSHIBA NOS 1s1588 y chip RC4558P Texas Instruments.<\/p>\n<ul>\n<li><strong><u> White SPECIAL II Booster:<\/u><\/strong><\/li>\n<\/ul>\n<p>Las 7 SUPER CARACTER\u00cdSTICAS de SABBADIUS Mr. White SPECIAL II<\/p>\n<p>Pedal anal\u00f3gico con switch100% True BYPASS.<\/p>\n<p>El Mr. White SPECIAL II es un pedal de Booster especialmente dise\u00f1ado para resaltar solos de guitarra o simular amplificadores valvulares.<\/p>\n<p>Stevie Ray Vaughan sol\u00eda tener un sonido muy c\u00e1lido, rico en medios y tonos arm\u00f3nicos dado por su guitarra y el equipo que utilizaba como el Dumble Steel String Singer, Fender Super Reverb, Fender Vibroverb, Fender Bassman, entre otros modificados por C\u00e9sar D\u00edaz.<\/p>\n<p>Jimi Hendrix sol\u00eda tocar en el estudio usando un Fender Dual Showman, un Guild Pre Amp, un Fender Bassman y Marshall\u00b4s con mucha ganancia y seteaba todas las perillas para \u00abromper\u00bb los altavoces y forzar a las valvulas a dar esos tonos cl\u00e1sicos de Jimi Hendrix. Esto le permite obtener esos tonos de respuesta dulces y enfatizados.<\/p>\n<p>El SABBADIUS Mr. White SPECIAL II fue dise\u00f1ado para acercarse a los sonidos del equipo mencionado anteriormente pero en el proceso descubr\u00ed diferentes opciones de uso y combinaciones que se pueden obtener con este pedal y sus controles:<\/p>\n<p>1- Simular un Amplificador de valvular con sonido \u201croto\u201d como si estuviese a todo volumen que le da m\u00e1s saturaci\u00f3n al sonido o m\u00e1s claridad si prefieres medios m\u00e1s ricos a bajos volumenes.<\/p>\n<p>2- Si ya tiene un amplificador de v\u00e1lvulas y no puede subir el volumen para saturar las valvulas y obtener ese sonido de amplificador de v\u00e1lvular en particular, con el Mr. White SPECIAL II puede obtener la misma saturaci\u00f3n natural de su equipo a bajos vol\u00famenes. Para obtener esos tonos y sonidos diferentes puede elegir entre 2 modos diferentes:<\/p>\n<p>* MODO DE INTERRUPTOR DE CAMBIO JIMI:<\/p>\n<p>JIMI \/ ON y JIMI \/ OFF<\/p>\n<p>* MODO DE INTERRUPTOR DE CAMBIO SRV:<\/p>\n<p>SRV SUCIO Y SRV LIMPIO<\/p>\n<p>3- Las cadenas largas de pedales que no son TBP (True Bypass) o TBP pero tienen una larga cadena de efectos en su pedalera, tienden a absorber el sonido original de su equipo como los tonos agudos y medios. Al conectar el SABBADIUS Mr. White al final de la cadena (antes del amplificador) y al ajustar la perilla de SALIDA al m\u00e1ximo y el CONTROL DE BOOST a 5 agrega todos esos tonos brillantes y medios que su sonido perdi\u00f3 en la cadena larga obteniendo as\u00ed Su sonido original de vuelta.<\/p>\n<p>4- Puede cambiar la funci\u00f3n del SABBADIUS Mr. White SPECIAL II conect\u00e1ndolo antes o despu\u00e9s de los pedales de ganancia, como los pedales Overdrive, Fuzz o Distortion.<\/p>\n<ul>\n<li>Si conecta el Mr. White SPECIAL II despu\u00e9s de un pedal de distorsi\u00f3n, agregar\u00e1 un volumen y retroalimentaci\u00f3n significativos La adici\u00f3n de estos elementos a Distortion, Overdrive, Fuzz, etc. mejora los tonos arm\u00f3nicos, lo cual es ideal para Blues, Rock, Funk solo, entre otros.<\/li>\n<li>Si conecta el Mr. White antes de los pedales de ganancia, como los pedales Overdrive, Distortion o Fuzz, etc\u2026 saturar\u00e1 sus Distortiones y agregar\u00e1 m\u00e1s sustain; \u00abrealzar\u00e1\u00bb el sonido y agregar\u00e1 volumen a los solos o enriquecer\u00e1 el sonido de su pedal de ganancia. (Esta configuraci\u00f3n se recomienda para estilos como Metal, Grunge, Hardcore, Hard Rock, Punk, etc.)<\/li>\n<\/ul>\n<p>5- Si no est\u00e1 interesado en llevar su amplificador a lugares peque\u00f1os como bares, o salas peque\u00f1as, puede convertir su Mr. White SPECIALL II en un \u00abpreamplificador simulador de v\u00e1lvulas al rojo vivo con coraz\u00f3n azul\u00bb.<\/p>\n<ul>\n<li>Al conectar el Mr. White al final de su cadena de pedales y directamente a la consola, puede lograr ese sonido de amplificador de v\u00e1lvulas, ya sea saturado o limpio y manejar la cantidad de volumen y saturaci\u00f3n de su pedal y dar la ecualizaci\u00f3n con su el control de tonos de su guitarra y consola para no depender completamente del ingeniero de sonido.<\/li>\n<\/ul>\n<p>6- el \u00abJimi Magic Pre-Amp\u00bb (JIMI \/ ON &amp; JIMI \/ OFF) esto le permite cambiar el volumen de su amplificador hacia abajo y aumentar la ganancia. con este pedal aumentar\u00e1 en arm\u00f3nicos, saturaci\u00f3n, respuestas en graves y brillos dando como el sonido caracter\u00edstico de Jimi Hendrix en el estudio como si estuvieras usando un Fender Dual Showman o un Fender Bassman. Cuando vea la luz PURPURA ENCENDIDA significa que este modo est\u00e1 ENCENDIDO y notar\u00e1 una peque\u00f1a ca\u00edda de volumen, pero aumentar\u00e1 la ganancia. Para esta configuraci\u00f3n, recomiendo usarlo como el \u00faltimo pedal en su cadena antes de la entrada del amplificador.<\/p>\n<p>7- El Mr. White SPECIAL II es una excelente opci\u00f3n para usarlo como preamplificador para guitarras ac\u00fasticas para dar m\u00e1s din\u00e1mica y enriquecer los tonos y evitar el t\u00edpico \u00bb ruido HUM \u00bb de la retroalimentaci\u00f3n y la microfon\u00eda\u00a0 hecha por el orificio de la guitarra y la caja de resonancia .<\/p>\n<p>Controles del Mr. SPECIAL II 2020:<\/p>\n<p>* &#8211; BOOST: Perilla que cambia la cantidad. de \u00abBOOST\u00bb \u201cSATURADOR DE SONIDO\u201d<\/p>\n<p>* &#8211; OUTPUT: Perilla que controla el volumen o la salida.<\/p>\n<p>* &#8211; INTERRUPTOR DE CAMBIO JIMI \/ ON &amp; JIMI \/ OFF: Con este interruptor de palanca puede activar o desactivar el \u00abModo de preamplificador Jimi\u00bb<\/p>\n<p>(El preamplificador \u201cJIMI HENDRIX\u201d funciona SOLO cuando el LED PURPURA y el LED BLANCO est\u00e1n ENCENDIDOS juntos).<\/p>\n<p>* &#8211; SRV CLEAN &amp; SRV DIRTY: con este interruptor de palanca puede establecer TONOS m\u00e1s saturados \u201cDIRTY\u201d o un sonido \u201cCLEAN\u201d Boost.<\/p>\n<p>NOTA: Puede mezclar ambos interruptores de palanca para obtener diferentes tipos de sonidos, si desea que el tipo JIMI HENDRIX de tonos Fuzz encienda el preamplificador JIMI configurando el interruptor de palanca EN LA POSICION JIMI \/ ON y la posici\u00f3n SRV DIRTY.<\/p>\n<p>Si desea tonos SRV TALES COMO \u201cLENNY\u201d o \u201cRIVIERA PARADISE\u201d, ajuste la posici\u00f3n SRV CLEAN y apague el preamplificador JIMI.<\/p>\n<p>&nbsp;<\/p>\n<ul>\n<li><strong><u>El Fuzz:<\/u><\/strong><\/li>\n<\/ul>\n<p>Este es un efecto de Fuzz con transistores de silicio inspirado en el Texas Square Face Fuzz de C\u00e9sar D\u00edaz que tiene ese tipo de sonido de FUZZ GORDO, VIDRIOSO y limpia perfectamente al retroceder la perilla de volumen de la guitarra d\u00e1ndole ese sonido tan usado llamado \u201cGLASSY TONES\u201d.<\/p>\n<p>Tiene una perilla adicional llamada Wah-Wah Trick que te permite usar un pedal wah wah frente a un Fuzz como lo hacia Jimi Hendrix. Si no est\u00e1 utilizando un wah wah, puede usar esta perilla para atenuar \u201cla fritura\u201d del Fuzz y convertirla en una saturaci\u00f3n de tono vidrioso realmente agradable.<\/p>\n<p>El potenci\u00f3metro Fuzz es un pote customizado para Sabbadius dando como resultado poder obtener todos los par\u00e1metros de las etapas de Fuzz.<\/p>\n<p>El potenci\u00f3metro Volume hace que su sonido tenga m\u00e1s salida y aumente el volumen a\u00fan m\u00e1s que los pedales de fuzz convencionales.<\/p>\n<p>&nbsp;<\/p>\n<p>ESPECIFICACIONES GENERALES:<\/p>\n<p>&#8211; Tama\u00f1o: 16 cm (incluidos los conectores externos) x 13,4 cm x 4,8 cm.<\/p>\n<p>&#8211; Peso: 0.560 gramos.<\/p>\n<p>&#8211; Trabaja con una bater\u00eda de 9 voltios o una fuente de alimentaci\u00f3n de Corriente Continua (DC) de 9 voltios a 100m.A con pin central NEGATIVO. (Para conectar la bater\u00eda, debe sacar los 4 tornillos en sus esquinas y conectar la bater\u00eda donde el clip de la bater\u00eda est\u00e1 y ubicarla en la \u00fanica posici\u00f3n que encaja).<\/p>\n<p>&#8211; Bajo consumo de bater\u00eda (desconecte el enchufe INPUT del pedal cuando no est\u00e9 en uso para conservar la vida \u00fatil de la bater\u00eda).<\/p>\n<p>&#8211; Neutrik Rean Jacks.<\/p>\n<p>&#8211; Hecho a mano y cableado a mano.<\/p>\n<p>&#8211; Pedal 100% anal\u00f3gico.<\/p>\n<p>&#8211; \u00a1Puedes usar efectos independientes o mezclarlos para obtener tu sonido de distorsi\u00f3n s\u00faper masiva !.<\/p>\n<p>&#8211; Carcasa 100% aluminio.<\/p>\n<p><span style=\"color: #ff6600;\"><em>Dado a que todos los productos Sabbadius est\u00e1n totalmente fabricados y ensamblados a mano pueden tener uno que otro rasgu\u00f1o o picada la pintura del mismo, tenga en cuenta \u00e9sto ya que algunos gabinetes pueden presenciar esos peque\u00f1os da\u00f1os en la pintura o gabinete, esto no quiere decir que el producto est\u00e9 roto o da\u00f1ado ya que si el producto sale del laboratorio Sabbadius es porque funciona perfectamente al 100%, no son v\u00e1lidos los reclamos de \u00e9sta indole. Muchas gracias por entender.<\/em><\/span><\/p>\n","protected":false},"excerpt":{"rendered":"<p>3 efectos analogos indispensables en un solo gabinete!!! &hellip; <a href=\"https:\/\/www.sabbadius.com\/?product=triple-trouble\" class=\"more-link\">Seguir leyendo<span class=\"screen-reader-text\">Triple Trouble<\/span><\/a><\/p>\n","protected":false},"featured_media":622,"template":"","meta":[],"product_brand":[],"product_cat":[138,145],"product_tag":[54,52,265,241,147,56,136,58,60,243,267],"class_list":{"0":"post-448","1":"product","2":"type-product","3":"status-publish","4":"has-post-thumbnail","6":"product_cat-boost-overdrive-es","7":"product_cat-fuzz","8":"product_tag-boost","9":"product_tag-booster","10":"product_tag-dumble","11":"product_tag-fender","12":"product_tag-fuzz","13":"product_tag-jimi-hendrix","14":"product_tag-overdrive","15":"product_tag-srv","16":"product_tag-stevie-ray-vaughan","17":"product_tag-texas-blues","18":"product_tag-triple-trouble","20":"first","21":"outofstock","22":"shipping-taxable","23":"product-type-simple"},"_links":{"self":[{"href":"https:\/\/www.sabbadius.com\/index.php?rest_route=\/wp\/v2\/product\/448","targetHints":{"allow":["GET"]}}],"collection":[{"href":"https:\/\/www.sabbadius.com\/index.php?rest_route=\/wp\/v2\/product"}],"about":[{"href":"https:\/\/www.sabbadius.com\/index.php?rest_route=\/wp\/v2\/types\/product"}],"wp:featuredmedia":[{"embeddable":true,"href":"https:\/\/www.sabbadius.com\/index.php?rest_route=\/wp\/v2\/media\/622"}],"wp:attachment":[{"href":"https:\/\/www.sabbadius.com\/index.php?rest_route=%2Fwp%2Fv2%2Fmedia&parent=448"}],"wp:term":[{"taxonomy":"product_brand","embeddable":true,"href":"https:\/\/www.sabbadius.com\/index.php?rest_route=%2Fwp%2Fv2%2Fproduct_brand&post=448"},{"taxonomy":"product_cat","embeddable":true,"href":"https:\/\/www.sabbadius.com\/index.php?rest_route=%2Fwp%2Fv2%2Fproduct_cat&post=448"},{"taxonomy":"product_tag","embeddable":true,"href":"https:\/\/www.sabbadius.com\/index.php?rest_route=%2Fwp%2Fv2%2Fproduct_tag&post=448"}],"curies":[{"name":"wp","href":"https:\/\/api.w.org\/{rel}","templated":true}]}}