{"id":565,"date":"2022-08-01T14:31:15","date_gmt":"2022-08-01T14:31:15","guid":{"rendered":"https:\/\/www.sabbadius.com\/?post_type=product&#038;p=565"},"modified":"2025-09-01T13:59:34","modified_gmt":"2025-09-01T13:59:34","slug":"maui-funky-vibe","status":"publish","type":"product","link":"https:\/\/www.sabbadius.com\/?product=maui-funky-vibe","title":{"rendered":"Maui Funky-Vibe"},"content":{"rendered":"<p>Buddy Blues Maui Demo: <a href=\"https:\/\/www.youtube.com\/watch?v=KRs5vVkB070&amp;t=322s\">https:\/\/www.youtube.com\/watch?v=KRs5vVkB070&amp;t=322s<\/a><br \/>\nMillstap Maui Demo: <a href=\"https:\/\/www.youtube.com\/watch?v=cX8nHNpDnHM\">https:\/\/www.youtube.com\/watch?v=cX8nHNpDnHM<\/a><br \/>\nR.J Ronquillo Maui Demo: <a href=\"https:\/\/www.youtube.com\/watch?v=1BEpnGRlU4c\">https:\/\/www.youtube.com\/watch?v=1BEpnGRlU4c<\/a><\/p>\n<p>Jimi Hendrix toc\u00f3 en MAUI el 30 de julio de 1970 para 400 personas durante la pel\u00edcula llamada Rainbow Bridge en Hawai. Jimi estaba vestido con una camisa negra con bolas redondas plateadas y turquesas y 2 lineas plateadas\/blancas y pantalones Oxford negros. Jimi empu\u00f1aba su incre\u00edble Fender Stratocaster Olympic White con m\u00e1stil de arce y su guitarra Gibson Flying V. Es por eso que el Nuevo SABBADIUS Maui Funky-Vibe viene en ese color negro y LED\u00b4s azules.<br \/>\nAhora SABBADIUS presenta la versi\u00f3n Maui Funky-Vibe para conmemorar este incre\u00edble concierto.<br \/>\nLa versi\u00f3n SABBADIUS Maui Funky-Vibe tiene fotoc\u00e9lulas CdS CUSTOM-MADE de 7 mm (edici\u00f3n 2022) fabricadas exclusivamente para SABBADIUS Electronics y una lamparita japonesa original de los a\u00f1os 70 para dar ese tono cl\u00e1sico \u00abCHEWY\u00bb de un buen Uni-Vibe. La versi\u00f3n SABBADIUS Maui Funky-Vibe tiene m\u00e1s control en el rango de VELOCIDADES r\u00e1pidas y menos velocidades bajas aumentando la modulaci\u00f3n de onda de fase como se ha estado escuchando en la canci\u00f3n \u00abHEY BABY (NEW RISING SUN)\u00bb. \u201cPara obtener ese tono, puede jugar con la perilla INTENSITY de 4 a 7 y la perilla de SPEED de 2 a 4 para obtener ese sonido Uni-Vibe agradable y chicloso que sol\u00eda usar Jimi\u201d. (Esta configuraci\u00f3n puede variar de unidad a unidad teniendo en cuenta que los potenci\u00f3metros suelen tener una tolerancia de +- 20%, le aconsejo que siga su propio o\u00eddo para identificar cu\u00e1l es la mejor configuraci\u00f3n para usted).<br \/>\nLas nuevas fotoc\u00e9lulas CdS de 7 mm 2022 HECHAS A MEDIDA para SABBADIUS Electronics aumentar\u00e1n la INTENSIDAD del latido en todos los aspectos y sentir\u00e1s ese sonido arremolinado que JIMI HENDRIX EXPERIMENT\u00d3 con EL Uni-Vibe original que us\u00f3.<\/p>\n<p>* Los transistores utilizados aqu\u00ed son 2sC828 para la ruta de la se\u00f1al y del tipo 2sC539 para la secci\u00f3n de preamplificaci\u00f3n como en el Uni-Vibe original. El pedal cuenta con 3 perillas, que ajustan VOLUMEN, INTENSIDAD y VELOCIDAD. Tiene una conexi\u00f3n de salida de 1\/4 de pulgada (6,5 mm) para un pedal de expresi\u00f3n que le permite controlar la velocidad con el pie (pedal de expresi\u00f3n NO incluido). Tambi\u00e9n cuenta con 2 footswitches: uno de ellos activa el efecto para True Bypass, el otro switch es la funci\u00f3n CANCEL que te permite usar el pedal como Pre-Amp o como suena el efecto Uni-Vibe original&#8230;, este significa que apagas la lamparita manteniendo una alta impedancia en las fotoc\u00e9lulas que le da al sonido un preamplificador maravilloso como lo hizo el Uni-Vibe original en el pedal de control con el interruptor t\u00e1ctil. Tiene un soft switch pintado a mano con aer\u00f3grafo y pintura esmaltada lacada con laca brillante para una mayor durabilidad de la pintura.<br \/>\nEl interruptor ROJO\/BLANCO es para que configure los modos, cuando la POSICI\u00d3N ROJA est\u00e1 ABAJO activa el MODO \u00abCHORUS\u00bb y cuando la POSICI\u00d3N BLANCA EST\u00c1 ABAJO, est\u00e1 en el MODO \u00abVIBRATO\u00bb.<br \/>\nEl SABBADIUS Maui Funky-Vibe tiene un transformador integrado dentro de la caja como el Uni-Vibe original con la potencia y el voltaje correcto para obtener el mejor rendimiento y tiene el cable de la unidad para conectarlo a la pared.<br \/>\nEl transformador de ENTRADA puede ser de 100Vac, 120Vac, 127Vac, 220Vac, 230Vac y 240Vac.<br \/>\nEl pedal se enviar\u00e1 con el transformador correcto al pa\u00eds que realiza el pedido, por ejemplo, si eres de EE. UU. recibir\u00e1s un SABBADIUS Maui Funky-Vibe con un transformador interno con ENTRADA de 120 Vac, si eres de ESPA\u00d1A recibir\u00e1s con un transformador interno de 230Vac.<br \/>\nEl pedal tiene un zocalo porta fusible con un fusible en el interior que est\u00e1 ah\u00ed para proteger el circuito en caso de que haya una sobrecarga en el voltaje. La unidad viene con un fusible adentro y otro afuera como respaldo, tambi\u00e9n viene con 2 Transistores 2sC828 para el circuito LFO en caso de que hagan cortocircuito conectando un cable incorrecto al conector FOOT CONTROL o un pedal de expresi\u00f3n incorrecto. (Lea la otra hoja que viene con el pedal sobre C\u00f3mo hacer un pedal de expresi\u00f3n para su SABBADIUS Funky-Vibe).<br \/>\nEspecificaciones:<br \/>\n* LED AZUL que titila de la misma manera que la lamparita interact\u00faa dentro de la unidad para que pueda \u00abver la VELOCIDAD\u00bb del efecto.<br \/>\n* VOLUME: establece el volumen de salida.<br \/>\n* SPEED: establece la velocidad del efecto en cualquier modo.<br \/>\n* INTENSITY: establece la intensidad o profundidad del efecto.<br \/>\n* Interruptor de Modos CHORUS\/VIBRATO : establece si se activa el modo CHORUS o el modo VIBRATO.<br \/>\n* Interruptor de pie CANCEL: activa la bombilla de la l\u00e1mpara para hacer girar el efecto o apaga la l\u00e1mpara para usarla como un preamplificador como lo hace el Uni-Vibe original.<br \/>\n* Jack de pedal de expresi\u00f3n: jack de salida de 1\/4 de pulgada (6,5 mm) (Amfenol) para un pedal de expresi\u00f3n, lo que permite controlar la velocidad del efecto con el pie (PEDAL DE EXPRESI\u00d3N NO INCLUIDO)<br \/>\n* POWER SW.: permite que la corriente fluya hacia el circuito.<br \/>\n* TRUE BYPASS: interruptor de pie 3PDT True-Bypass de primera calidad para activar\/desactivar el efecto.<br \/>\n* INSTRUMENT: toma de entrada de 1\/4 de pulgada (6,5 mm) (Neutrik) para instrumentos.<br \/>\n* OUTPUT: conector de salida de 1\/4 de pulgada (6,5 mm) (Neutrik) para amplificadores u otros efectos.<br \/>\n* TRANSFORMADOR DE CORRIENTE: 100, 120, 127, 220, 230, o 240Vac.<br \/>\n* Soft Rocker Switch ROJO\/BLANCO: Pintado a mano con aer\u00f3grafo y lacado con pintura esmaltada con acabado brillante.<br \/>\n* FUSE: Portafusible con un fusible adentro que est\u00e1 ah\u00ed para proteger el circuito en caso de que haya una sobrecarga en el voltaje. La unidad viene con 2 fusibles, un fusible dentro del zocalo y otro fuera como respaldo.<br \/>\n* 100% Cableado Manual y Soldaduras Manuales.<br \/>\n* Circuito 100% anal\u00f3gico.<br \/>\n* Material: Aluminio.<br \/>\n* Tama\u00f1o: Largo 182mm x Ancho 115mm x Alto 60mm.<br \/>\n* Peso: 925grs. Aprox.<\/p>\n<p><span style=\"color: #ff6600;\"><em>Dado a que todos los productos Sabbadius est\u00e1n totalmente fabricados y ensamblados a mano pueden tener uno que otro rasgu\u00f1o o picada la pintura del mismo, tenga en cuenta \u00e9sto ya que algunos gabinetes pueden presenciar esos peque\u00f1os da\u00f1os en la pintura o gabinete, esto no quiere decir que el producto est\u00e9 roto o da\u00f1ado ya que si el producto sale del laboratorio Sabbadius es porque funciona perfectamente al 100%, no son v\u00e1lidos los reclamos de \u00e9sta indole. Muchas gracias por entender.<\/em><\/span><\/p>\n<p><span style=\"color: #ff0000;\">NOTA IMPORTANTE<\/span><br \/>\n<span style=\"color: #ff0000;\">Todos los productos Sabbadius est\u00e1n fabricados y ensamblados completamente a mano, por lo que podr\u00edan presentar alg\u00fan rasgu\u00f1o o peque\u00f1o da\u00f1o en la pintura o carcasa. Esto no significa que el producto est\u00e9 da\u00f1ado o defectuoso, ya que cada unidad es rigurosamente probada antes de salir del laboratorio. La unidad puede producir ruido o captar se\u00f1ales de radio AM\/FM debido a su dise\u00f1o de circuito de estilo vintage, fiel al Uni-Vibe original. Este comportamiento se considera normal y no est\u00e1 cubierto por la garant\u00eda. Dicho ruido o interferencia puede ser m\u00e1s notorio cuando el m\u00fasico toca la unidad, como el gabinete, tornillos o interruptores. Muchas gracias por su comprensi\u00f3n. No se aceptan reclamos por detalles cosm\u00e9ticos menores. \u00a1Gracias por tu comprensi\u00f3n!<\/span><\/p>\n","protected":false},"excerpt":{"rendered":"<p>Buddy Blues Maui Demo: https:\/\/www.youtube.com\/watch?v=KRs5vVkB070&amp;t=322s Millstap Maui Demo: https:\/\/www.youtube.com\/watch?v=cX8nHNpDnHM R.J Ronquillo Maui Demo: https:\/\/www.youtube.com\/watch?v=1BEpnGRlU4c Jimi Hendrix toc\u00f3 en MAUI el<\/p>\n<p><a href=\"https:\/\/www.sabbadius.com\/?product=maui-funky-vibe\" class=\"more-link\">Seguir leyendo<span class=\"screen-reader-text\">Maui Funky-Vibe<\/span><\/a><\/p>\n","protected":false},"featured_media":611,"template":"","meta":[],"product_brand":[],"product_cat":[62,88,15],"product_tag":[101,93,125,56,99,95,97],"class_list":{"0":"post-565","1":"product","2":"type-product","3":"status-publish","4":"has-post-thumbnail","6":"product_cat-sin-categorizar-es","7":"product_cat-sin-categorizar-en-es","8":"product_cat-sin-categorizar","9":"product_tag-chewy","10":"product_tag-funky-vibe","11":"product_tag-izabella","12":"product_tag-jimi-hendrix","13":"product_tag-throb","14":"product_tag-uni-vibe","15":"product_tag-univibe","17":"first","18":"instock","19":"shipping-taxable","20":"product-type-simple"},"_links":{"self":[{"href":"https:\/\/www.sabbadius.com\/index.php?rest_route=\/wp\/v2\/product\/565","targetHints":{"allow":["GET"]}}],"collection":[{"href":"https:\/\/www.sabbadius.com\/index.php?rest_route=\/wp\/v2\/product"}],"about":[{"href":"https:\/\/www.sabbadius.com\/index.php?rest_route=\/wp\/v2\/types\/product"}],"wp:featuredmedia":[{"embeddable":true,"href":"https:\/\/www.sabbadius.com\/index.php?rest_route=\/wp\/v2\/media\/611"}],"wp:attachment":[{"href":"https:\/\/www.sabbadius.com\/index.php?rest_route=%2Fwp%2Fv2%2Fmedia&parent=565"}],"wp:term":[{"taxonomy":"product_brand","embeddable":true,"href":"https:\/\/www.sabbadius.com\/index.php?rest_route=%2Fwp%2Fv2%2Fproduct_brand&post=565"},{"taxonomy":"product_cat","embeddable":true,"href":"https:\/\/www.sabbadius.com\/index.php?rest_route=%2Fwp%2Fv2%2Fproduct_cat&post=565"},{"taxonomy":"product_tag","embeddable":true,"href":"https:\/\/www.sabbadius.com\/index.php?rest_route=%2Fwp%2Fv2%2Fproduct_tag&post=565"}],"curies":[{"name":"wp","href":"https:\/\/api.w.org\/{rel}","templated":true}]}}