{"id":625,"date":"2023-06-21T11:35:46","date_gmt":"2023-06-21T11:35:46","guid":{"rendered":"https:\/\/www.sabbadius.com\/?post_type=product&#038;p=625"},"modified":"2025-10-31T14:13:34","modified_gmt":"2025-10-31T14:13:34","slug":"rainbow-fuzz-bc108c","status":"publish","type":"product","link":"https:\/\/www.sabbadius.com\/?product=rainbow-fuzz-bc108c","title":{"rendered":"Rainbow Fuzz BC108c"},"content":{"rendered":"<div class=\"xdj266r x11i5rnm xat24cr x1mh8g0r x1vvkbs x126k92a\">\n<div dir=\"auto\">\n<p>Un pedal de fuzz con transistores de silicio BC108C.<br \/>\nEl Sabbadius Rainbow Fuzz BC108C Silicon Fuzz es un pedal de efecto fuzz inspirado en uno de los usuarios de pedales Fuzz m\u00e1s influyentes de la historia, el \u00fanico y reconocido JIMI HENDRIX.<br \/>\nTodos saben que Jimi Hendrix us\u00f3 pedales de fuzz con transistores de Germanio y de Silicio y \u00e9l preferia la versi\u00f3n de Silicio porque son m\u00e1s estables que los transistores de germanio en diferentes situaciones clim\u00e1ticas.<\/p>\n<p>Los transistores usados en su fuzz de silicio favorito eran los Bc108C.<br \/>\nEl Sabbadius Rainbow Fuzz BC108C tiene algunas caracter\u00edsticas que hacen que este pedal Fuzz sea \u00fanico en el mercado hoy en d\u00eda, tiene una perilla llamada \u00abWAH WAH TRICK\u00bb que le permite hacer que este Fuzz sea un \u201cWah Wah amigable\u201d, esto significa que puede usar este pedal fuzz con un wah wah sin tener ese ruido molesto parecido a un acople que hace que los pedales fuzz no sean compatibles a los pedales de wah wah y no podr\u00e1n hacer que su wah wah suene o module como deber\u00eda. Puede colocar el Sabbadius Rainbow Fuzz BC108C antes o despu\u00e9s del pedal de wah wah y usar la perilla WAH WAH TRICK para establecer la posici\u00f3n correcta para que ese ruido desaparezca.<br \/>\nOtra cosa a tener en cuenta al usar Sabbadius Rainbow Fuzz BC108C es que si no desea usar un wah wah con el fuzz, puede usar el WAH WAH TRICK como un \u00ablimpiador de Fuzz\u00bb, esto significa que puede limpiar un poco la \u00abefervescencia\u00bb del fuzz que lo convierte en un tipo de pedal Overdrive, creando esos tonos vidriosos que todos quieren obtener en una unidad de fuzz.<br \/>\nPuedes bajar el volumen de tu guitarra y limpiar el efecto fuzz como si no estuvieras usando un pedal de fuzz, por lo que hay una peque\u00f1a diferencia entre el sonido limpio de tu guitarra y la perilla de WAH WAH TRICK al minimo.<\/p>\n<p>La perilla del FUZZ es un potenci\u00f3metro CUSTOM MADE para SABBADIUS Electronics con una curva especial para tener el mejor control en un pedal Fuzz de 0 a 10, lo que le brinda la posibilidad de usar todo el potencial del rango de la perilla asi otorgando mas control del FUZZ.<br \/>\nEl pedal Sabbadius Rainbow Fuzz BC108C tiene tres controles denominados:<br \/>\nOUTPUT, FUZZ Y WAH WAH TRICK.<\/p>\n<p>OUTPUT:<br \/>\nLa perilla OUTPUT controla el volumen del fuzz.<\/p>\n<p>FUZZ:<br \/>\nLa perilla de FUZZ controla la cantidad de FUZZ que se agrega al sonido. Este control tambi\u00e9n puede ser manipulado por el control de volumen de la guitarra. Como mencion\u00e9, el potenci\u00f3metro del FUZZ es un pote hecho a medida solo para Sabbadius Electronics para obtener todo el rango posible en una unidad Fuzz.<\/p>\n<p>WAH WAH TRICK:<br \/>\nLa perilla WAH WAH TRICK le permite usar un efecto de pedal de Wah-Wah con el fuzz. En varios modelos de fuzz con el pedal de wah wah no se puede usar porque hace un ruido desagradable cuando se usa el barrido del mismo o no aparece el efecto Wah Wah as\u00ed perdiendo la modulacion. Con este control es posible cambiar el sonido fuzz antes o despu\u00e9s del wah wah, produciendo as\u00ed un sonido original de wah-wah y fuzz juntos y modular a la perfeccion. Esta funci\u00f3n puede activarse o desactivarse para controlar y generar \u00abefervescencia\u00bb en el efecto del FUZZ o para usarla como booster. Es un pedal excelente para guitarra, bajo, con pastillas de bobina simple y de doble bobina.<\/p>\n<p>CARACTERISTICAS:<br \/>\nInterruptor de pedal mec\u00e1nico 100% True Bypass<br \/>\nAlimentaci\u00f3n: Bater\u00eda de 9 VCC o fuente de alimentaci\u00f3n centro NEGATIVO de 9 voltios.<\/p>\n<\/div>\n<\/div>\n","protected":false},"excerpt":{"rendered":"<p>Un pedal de fuzz con transistores de silicio BC108C. El Sabbadius Rainbow Fuzz BC108C Silicon Fuzz es un pedal de<\/p>\n<p><a href=\"https:\/\/www.sabbadius.com\/?product=rainbow-fuzz-bc108c\" class=\"more-link\">Seguir leyendo<span class=\"screen-reader-text\">Rainbow Fuzz BC108c<\/span><\/a><\/p>\n","protected":false},"featured_media":1001,"template":"","meta":[],"product_brand":[],"product_cat":[145],"product_tag":[149,56,286,155],"class_list":{"0":"post-625","1":"product","2":"type-product","3":"status-publish","4":"has-post-thumbnail","6":"product_cat-fuzz","7":"product_tag-fuzz-face","8":"product_tag-jimi-hendrix","9":"product_tag-randy-hansen","10":"product_tag-silicon-fuzz","12":"first","13":"instock","14":"shipping-taxable","15":"product-type-simple"},"_links":{"self":[{"href":"https:\/\/www.sabbadius.com\/index.php?rest_route=\/wp\/v2\/product\/625","targetHints":{"allow":["GET"]}}],"collection":[{"href":"https:\/\/www.sabbadius.com\/index.php?rest_route=\/wp\/v2\/product"}],"about":[{"href":"https:\/\/www.sabbadius.com\/index.php?rest_route=\/wp\/v2\/types\/product"}],"wp:featuredmedia":[{"embeddable":true,"href":"https:\/\/www.sabbadius.com\/index.php?rest_route=\/wp\/v2\/media\/1001"}],"wp:attachment":[{"href":"https:\/\/www.sabbadius.com\/index.php?rest_route=%2Fwp%2Fv2%2Fmedia&parent=625"}],"wp:term":[{"taxonomy":"product_brand","embeddable":true,"href":"https:\/\/www.sabbadius.com\/index.php?rest_route=%2Fwp%2Fv2%2Fproduct_brand&post=625"},{"taxonomy":"product_cat","embeddable":true,"href":"https:\/\/www.sabbadius.com\/index.php?rest_route=%2Fwp%2Fv2%2Fproduct_cat&post=625"},{"taxonomy":"product_tag","embeddable":true,"href":"https:\/\/www.sabbadius.com\/index.php?rest_route=%2Fwp%2Fv2%2Fproduct_tag&post=625"}],"curies":[{"name":"wp","href":"https:\/\/api.w.org\/{rel}","templated":true}]}}