{"id":714,"date":"2023-07-26T15:23:55","date_gmt":"2023-07-26T15:23:55","guid":{"rendered":"https:\/\/www.sabbadius.com\/?post_type=product&#038;p=714"},"modified":"2025-10-31T14:09:38","modified_gmt":"2025-10-31T14:09:38","slug":"chewy-vibe-2","status":"publish","type":"product","link":"https:\/\/www.sabbadius.com\/?product=chewy-vibe-2","title":{"rendered":"Chewy-Vibe"},"content":{"rendered":"<p>Jimi Hendrix us\u00f3 diferentes efectos en el estudio, incluidos diferentes Fuzz, Octavia, Uni-Vibe\u00b4s, y siempre estuvo probando cosas diferentes para crear sonidos nuevos y originales y es por eso que SABBADIUS cre\u00f3 esta nueva edici\u00f3n Chewy-Vibe que es una r\u00e9plica de sonido del RT-18 (Resly Tone).<br \/>\nEl SABBADIUS Chewy-Vibe es el modo Mastermind en la edicion Mastermind Funky-Vibe de edici\u00f3n limitada lanzado en 2021, es m\u00e1s un sonido Phase Shifter, la onda es m\u00e1s redonda y jugosa que un Uni-Vibe. El SABBADIUS 2023 Chewy-Vibe est\u00e1 equipado con fotoc\u00e9lulas NOS (New Old Stock) y una bombilla de l\u00e1mpara japonesa original de los a\u00f1os 70 para dar ese tono cl\u00e1sico \u00abChewy\u00bb del efecto Resly Tone del RT-18. El SABBADIUS Chewy-Vibe tiene mayor control en la perilla de SPEED que va desde VELOCIDADES realmente LENTAS hasta VELOCIDADES R\u00c1PIDAS locas para alcanzar todos los par\u00e1metros que un de SPEED necesita cubrir en este tipo de efecto.<br \/>\nLas NOS (New Old Stock) fotoc\u00e9lulas CdS aumentar\u00e1n la INTENSIDAD del latido en todos los aspectos y sentir\u00e1 ese sonido de redondo, h\u00famedo y jugoso.<\/p>\n<p>Los transistores utilizados aqu\u00ed son 2sC828 para la ruta de se\u00f1al y un tipo de transistor basado en el tipo 2sC539 para la secci\u00f3n de preamplificaci\u00f3n como en el RT-18 original. El pedal cuenta con 3 perillas, que ajustan VOLUMEN, INTENSIDAD y VELOCIDAD. La perilla SPEED est\u00e1 en su lado derecho y le permite controlar la velocidad con el pie. Tambi\u00e9n cuenta con 2 interruptores de pie: uno de ellos activa el efecto para True Bypass, el otro interruptor es la funci\u00f3n CANCEL que le permite usar el pedal como preamplificador, esto significa que apaga la bombilla de la l\u00e1mpara manteniendo una alta impedancia en las fotoc\u00e9lulas que le da al sonido un preamplificador maravilloso, en el Chewy-Vibe us\u00e1ndolo como preamplificador tiene 2 sonidos de preamplificadores diferentes, cambiar el modo CHORUS le dar\u00e1 un sonido de preamplificador agradable, pero si coloca el interruptor basculante en VIBRATO y obtendr\u00e1s un FAT BOOST que te dejar\u00e1 boquiabierto sobre lo GRANDE y GORDO que dar\u00e1 el sonido de tu guitarra.<\/p>\n<p>Tiene un interruptor suave pintado a mano con aer\u00f3grafo y pintura esmaltada lacada con laca brillo para una mayor durabilidad de la pintura.<\/p>\n<p>*El Chewy-Vibe es el sonido del RESLY TONE RT-18, puedes escuchar este efecto de sonido \u00abl\u00edquido, jugoso y masticable\u00bb a gran velocidad en la canci\u00f3n de Jimi Hendrix y Larry Lee llamada Mastermind en \u00abWest Coast Seattle Boy: The Jimi Hendrix Anthology Album\u00bb.<\/p>\n<p>Interruptor de CHORUS \/ VIBRATO:<br \/>\nEl interruptor ROJO\/BLANCO es para que configure los modos CHORUS y VIBRATO, cuando la POSICI\u00d3N ROJA est\u00e1 ABAJO activa el MODO \u00abCHORUS\u00bb y cuando la POSICI\u00d3N BLANCA EST\u00c1 ABAJO, est\u00e1 en el MODO \u00abVIBRATO\u00bb.<br \/>\nEl SABBADIUS Chewy-Vibe funciona con una fuente de alimentaci\u00f3n DC 18v-200mA para obtener mejores resultados, puede usar DC 18v-100mA si lo desea y funcionar\u00e1 perfectamente.<\/p>\n<p>Especificaciones:<br \/>\n* LED rojo que late de la misma manera que la bombilla de la l\u00e1mpara interact\u00faa dentro de la unidad para que pueda \u00abver la VELOCIDAD\u00bb del efecto.<br \/>\n* Volume: establece el volumen de salida.<br \/>\n* Speed: establece la velocidad del efecto en cualquier modo.<br \/>\n* Intensity: establece la intensidad o profundidad del efecto.<br \/>\n* CHORUS &#8211; Modo VIBRATO INTERRUPTOR: Activa el modo Chorus o el modo Vibrato.<br \/>\n* Interruptor de pie CANCEL: activa la bombilla de la l\u00e1mpara para hacer girar el efecto o apaga la l\u00e1mpara para usarla como un preamplificador como lo hace el Uni-Vibe original.<br \/>\n* TRUE BYPASS: interruptor de pie 3PDT True Bypass de primera calidad para activar\/desactivar el efecto.<br \/>\n* INSTRUMENTO: toma de entrada de 1\/4 de pulgada (6,5 mm) (Neutrik) para instrumentos.<br \/>\n* SALIDA: conector de salida de 1\/4 de pulgada (6,5 mm) (Neutrik) para amplificadores u otros efectos.<br \/>\n* Soft Rocker Switch ROJO\/BLANCO: Pintado a mano con aer\u00f3grafo y lacado con pintura esmaltada con acabado brillante.<br \/>\n* 100% Cableado y Soldado a Mano.<br \/>\n* Circuito 100% anal\u00f3gico.<br \/>\n* Material: Caja de aluminio.<br \/>\n* Tama\u00f1o: Largo 144mm x Ancho 115mm x Alto 60mm.(con perillas y distancias entre gatos)<br \/>\n* Peso: 500grs. Aprox.<\/p>\n","protected":false},"excerpt":{"rendered":"<p>Jimi Hendrix us\u00f3 diferentes efectos en el estudio, incluidos diferentes Fuzz, Octavia, Uni-Vibe\u00b4s, y siempre estuvo probando cosas diferentes para<\/p>\n<p><a href=\"https:\/\/www.sabbadius.com\/?product=chewy-vibe-2\" class=\"more-link\">Seguir leyendo<span class=\"screen-reader-text\">Chewy-Vibe<\/span><\/a><\/p>\n","protected":false},"featured_media":707,"template":"","meta":[],"product_brand":[],"product_cat":[15],"product_tag":[],"class_list":{"0":"post-714","1":"product","2":"type-product","3":"status-publish","4":"has-post-thumbnail","6":"product_cat-sin-categorizar","8":"first","9":"instock","10":"shipping-taxable","11":"product-type-simple"},"_links":{"self":[{"href":"https:\/\/www.sabbadius.com\/index.php?rest_route=\/wp\/v2\/product\/714","targetHints":{"allow":["GET"]}}],"collection":[{"href":"https:\/\/www.sabbadius.com\/index.php?rest_route=\/wp\/v2\/product"}],"about":[{"href":"https:\/\/www.sabbadius.com\/index.php?rest_route=\/wp\/v2\/types\/product"}],"wp:featuredmedia":[{"embeddable":true,"href":"https:\/\/www.sabbadius.com\/index.php?rest_route=\/wp\/v2\/media\/707"}],"wp:attachment":[{"href":"https:\/\/www.sabbadius.com\/index.php?rest_route=%2Fwp%2Fv2%2Fmedia&parent=714"}],"wp:term":[{"taxonomy":"product_brand","embeddable":true,"href":"https:\/\/www.sabbadius.com\/index.php?rest_route=%2Fwp%2Fv2%2Fproduct_brand&post=714"},{"taxonomy":"product_cat","embeddable":true,"href":"https:\/\/www.sabbadius.com\/index.php?rest_route=%2Fwp%2Fv2%2Fproduct_cat&post=714"},{"taxonomy":"product_tag","embeddable":true,"href":"https:\/\/www.sabbadius.com\/index.php?rest_route=%2Fwp%2Fv2%2Fproduct_tag&post=714"}],"curies":[{"name":"wp","href":"https:\/\/api.w.org\/{rel}","templated":true}]}}