{"id":719,"date":"2024-11-11T13:08:13","date_gmt":"2024-11-11T13:08:13","guid":{"rendered":"https:\/\/www.sabbadius.com\/?post_type=product&#038;p=719"},"modified":"2025-10-31T14:00:48","modified_gmt":"2025-10-31T14:00:48","slug":"b-o-b-boost-of-boosters","status":"publish","type":"product","link":"https:\/\/www.sabbadius.com\/?product=b-o-b-boost-of-boosters","title":{"rendered":"B.O.B (Boost Of Boosters)"},"content":{"rendered":"<p>Fabricado sobre la misma plataforma (PCB) que el Sabbadius Mr. White nace el nuevo B.O.B \u00abBoost Of Boosters\u00bb.<br \/>\nConciste en un pedal de efecto booster con 3 tipos de clipping diferentes para darte mas matices y dinamicas a la hora de buscar un sonido unico a tu estilo o interpretacion. Con B.O.B vas a lograr sonidos limpios, saturados y cristalinos para usarlo simplemente solo o acompa\u00f1ado por algun pedal de overdrive, fuzz o distorsion.<\/p>\n<p>El B.O.B cuenta con los siguientes modos y prestaciones:<\/p>\n<p>Modos de clipping:<\/p>\n<p>silicio:<br \/>\nEl uso de diodos NOS (New Old Stock) Toshiba 1s1588 le dar\u00e1 tonos saturados y cristalinos. Para llegar a esos tonos saturados tienes que poner la perilla DIRT al m\u00e1ximo para hacer rugir estos diodos.<\/p>\n<p>LED:<br \/>\nCon 2 LEDs Cristal Rojos tendr\u00e1s mucho volumen y usando este tipo de clipping puedes impulsar tu sonido limpio con m\u00e1s \u201cheadroom\u201d que en el Silicon Clipping.<\/p>\n<p>Germanium:<br \/>\nEquipado con (NOS) diodos de germanio raros japoneses Matsushita (c\u00f3digo desconocido), tendr\u00e1s un sonido c\u00e1lido y sucio muy agradable, la ventaja de este clipping es que obtendr\u00e1s ese grano en todas las posiciones usando la perilla DIRT que te permitir\u00e1 hacer que tu sonido grite en diferentes seteos. Tal vez escuchaste que en el pedal Klon Centaur tienes que configurar \u00abGAIN\u00bb en al Maximo para escuchar realmente esa magia de clipping del Klon &#8230; bueno, en el pedal B.O.B tendr\u00e1s ese clipping en todas las posici\u00f3nes de la perilla DIRT que te dar\u00e1 a su vez m\u00e1s versatilidad din\u00e1micas y usos.<\/p>\n<p>Caracter\u00edsticas:<\/p>\n<p>Perilla DIRT:<br \/>\nEsta perilla te permite darle m\u00e1s o menos \u201csuciedad\u201d a tu sonido. Es el que interact\u00faa con los modos de clipping y saturacion.<\/p>\n<p>Perilla de OUTPUT:<br \/>\ncontrola el volumen del pedal.<\/p>\n<p>Clipping:<br \/>\nPara establecer el tipo de clipping que desees.<\/p>\n<p>&#8211; Puedes alimentar este pedal con una bater\u00eda de 9v o una fuente de alimentaci\u00f3n aislada de 9v 50mA (PIN CENTRAL NEGATIVO).<br \/>\n&#8211; 100% True Bypass.<br \/>\n&#8211; Hechos a mano y soldados uno por uno.<br \/>\n&#8211; 100% anal\u00f3gico.<br \/>\n&#8211; Cableado totalmente a mano.<\/p>\n","protected":false},"excerpt":{"rendered":"<p>Fabricado sobre la misma plataforma (PCB) que el Sabbadius Mr. White nace el nuevo B.O.B \u00abBoost Of Boosters\u00bb. Conciste en<\/p>\n<p><a href=\"https:\/\/www.sabbadius.com\/?product=b-o-b-boost-of-boosters\" class=\"more-link\">Seguir leyendo<span class=\"screen-reader-text\">B.O.B (Boost Of Boosters)<\/span><\/a><\/p>\n","protected":false},"featured_media":723,"template":"","meta":[],"product_brand":[],"product_cat":[134,138],"product_tag":[],"class_list":{"0":"post-719","1":"product","2":"type-product","3":"status-publish","4":"has-post-thumbnail","6":"product_cat-boost-overdrive","7":"product_cat-boost-overdrive-es","9":"first","10":"outofstock","11":"shipping-taxable","12":"product-type-simple"},"_links":{"self":[{"href":"https:\/\/www.sabbadius.com\/index.php?rest_route=\/wp\/v2\/product\/719","targetHints":{"allow":["GET"]}}],"collection":[{"href":"https:\/\/www.sabbadius.com\/index.php?rest_route=\/wp\/v2\/product"}],"about":[{"href":"https:\/\/www.sabbadius.com\/index.php?rest_route=\/wp\/v2\/types\/product"}],"wp:featuredmedia":[{"embeddable":true,"href":"https:\/\/www.sabbadius.com\/index.php?rest_route=\/wp\/v2\/media\/723"}],"wp:attachment":[{"href":"https:\/\/www.sabbadius.com\/index.php?rest_route=%2Fwp%2Fv2%2Fmedia&parent=719"}],"wp:term":[{"taxonomy":"product_brand","embeddable":true,"href":"https:\/\/www.sabbadius.com\/index.php?rest_route=%2Fwp%2Fv2%2Fproduct_brand&post=719"},{"taxonomy":"product_cat","embeddable":true,"href":"https:\/\/www.sabbadius.com\/index.php?rest_route=%2Fwp%2Fv2%2Fproduct_cat&post=719"},{"taxonomy":"product_tag","embeddable":true,"href":"https:\/\/www.sabbadius.com\/index.php?rest_route=%2Fwp%2Fv2%2Fproduct_tag&post=719"}],"curies":[{"name":"wp","href":"https:\/\/api.w.org\/{rel}","templated":true}]}}