{"id":744,"date":"2023-09-28T12:40:53","date_gmt":"2023-09-28T12:40:53","guid":{"rendered":"https:\/\/www.sabbadius.com\/?post_type=product&#038;p=744"},"modified":"2025-10-31T14:08:22","modified_gmt":"2025-10-31T14:08:22","slug":"fillmore-east-tiny-vibe","status":"publish","type":"product","link":"https:\/\/www.sabbadius.com\/?product=fillmore-east-tiny-vibe","title":{"rendered":"Fillmore East Tiny-Vibe"},"content":{"rendered":"<pre id=\"tw-target-text\" class=\"tw-data-text tw-text-large tw-ta\" dir=\"ltr\" data-placeholder=\"Traducci\u00f3n\"><span class=\"Y2IQFc\" lang=\"es\">Despu\u00e9s de una importante investigaci\u00f3n, buscando en la web, preguntando a gente que sabe mucho sobre los Uni-Vibes originales de los a\u00f1os 60 y 70, encontr\u00e9 que hab\u00eda diferentes Uni-Vibes de 1968 a 1974, que tienen algunos \u201c Errores\u201d en comparaci\u00f3n con el Honey Uni-Vibe original de principios de 1968 y la versi\u00f3n Shin-ei de 1974: los valores de condensadores, fotoc\u00e9lulas, bombillas, resistencias y condensadores no siempre son los mismos.\r\nAhora Sabbadius presenta la versi\u00f3n muy rara de Uni-Vibe llamada Sabbadius FILLMORE EAST Tiny-Vibe Version.\r\n\r\nEl mismo circuito que su hermano mayor, el nuevo Tiny-Vibe FILLMORE EAST Edition 2023, ya est\u00e1 disponible, el mismo sonido que el FILLMORE EAST Funky-Vibe, el mismo circuito, las mismas fotoc\u00e9lulas de 7 mm hechas a medida, la misma bombilla japonesa antigua de los a\u00f1os 70. Ahora Sabbadius Electronics presenta la nueva Sabbadius Fillmore East Tiny-Vibe Edition, este tama\u00f1o ahorrar\u00e1 espacio en su pedalera, adem\u00e1s el peso es m\u00e1s liviano y necesita una fuente de alimentaci\u00f3n CC de 18 V que se puede usar con una corriente de 100 mA o m\u00e1s (se recomienda 200 mA).\r\nTraiga esos maravillosos tonos de The Band Of Gypsys tocando en vivo en The FILLMORE EAST en un pedal compacto cuya velocidad se puede controlar moviendo el pie hacia adelante y hacia atr\u00e1s con la perilla SPEED en el lado derecho del pedal.<\/span><\/pre>\n<pre id=\"tw-target-text\" class=\"tw-data-text tw-text-large tw-ta\" dir=\"ltr\" data-placeholder=\"Traducci\u00f3n\"><span class=\"Y2IQFc\" lang=\"es\">Seg\u00fan algunos expertos en Uni-Vibe\u00b4s, \u00e9sta es la versi\u00f3n de Uni-Vibe que posiblemente us\u00f3 Jimi Hendrix en 1969 y 1970, mientras que otros dijeron que Jimi us\u00f3 un Uni-Vibe de 1968 en Estados Unidos y una versi\u00f3n de 1969 en Europa. El caso es que si prestas atenci\u00f3n al sonido de la misma canci\u00f3n tocada en EE.UU. y la comparas con la tocada en Europa, incluida Inglaterra, notar\u00e1s que el \"Throb\" del Vibe y el efecto \"sonido de onda\" no evocan el mismo sonido \"Chewy\" que podr\u00edamos encontrar en las actuaciones de Jimi. Ahora descubr\u00ed que la versi\u00f3n Sabbadius FILLMORE EAST Tiny-Vibe captura ese SONIDO \u201cCHEWY\u201d similar a la versi\u00f3n 69 y 70 Uni-Vibe.\r\nEl Sabbadius FILLMORE EAST Tiny-Vibe es una EDICI\u00d3N ESPECIAL que incluye FOTOC\u00c9LULAS (CdS\/LDR) que son HECHAS EXCLUSIVAMENTE PARA SABBADIUS ELECTRONICS y son las responsables de ese SONIDO \u201cCHEWY\u201d. Estas fotoc\u00e9lulas tienen la resistencia a la luz brillante y la resistencia a la oscuridad correctas en lux, las mismas especificaciones que las utilizadas en la EDICI\u00d3N LIMITADA FILLMORE EAST DE SOLO 28 UNIDADES HECHAS.\r\n\r\nLos transistores utilizados aqu\u00ed son 2sC828 para la ruta de se\u00f1al y el tipo de transistor similar al 2sC539 para la secci\u00f3n de preamplificador como en el Uni-Vibe original. \r\nEl pedal cuenta con 3 perillas que configuran VOLUMEN, INTENSIDAD y VELOCIDAD.\r\nTambi\u00e9n cuenta con 2 Footswitch: uno de ellos activa el efecto True Bypass, el otro interruptor es la funci\u00f3n CANCEL que te permite usar el pedal como Pre-Amp o el sonido del efecto original Uni-Vibe, esto significa que apagas la lamparita y esto genera una alta impedancia en las fotoc\u00e9lulas que le da al sonido un maravilloso preamplificador como lo hac\u00eda el Uni-Vibe original en el pedal de control con el interruptor t\u00e1ctil. Dispone de interruptor \"RockerSwitch\" pintado a mano con aer\u00f3grafo y pintura esmaltada lacada con laca brillo para una mayor duraci\u00f3n de la pintura. El interruptor basculante ROJO\/BLANCO que configura el modo cuando la POSICI\u00d3N ROJA est\u00e1 para ABAJO activa el MODO \"CHORUS\" y cuando la POSICI\u00d3N BLANCA EST\u00c1 ABAJO, est\u00e1 en el MODO \"VIBRATO\".<\/span><\/pre>\n<pre class=\"tw-data-text tw-text-large tw-ta\" dir=\"ltr\" data-placeholder=\"Traducci\u00f3n\"><span class=\"Y2IQFc\" lang=\"es\"><span style=\"color: #ff0000;\">*** IMPORTANTE ***:\r\nEl pedal necesita una fuente de alimentaci\u00f3n CC de 18 voltios - 200 mA con pin central negativa de 2,1 mm (la fuente de alimentaci\u00f3n NO est\u00e1 incluida)<\/span>\r\n\r\nEspecificaciones:\r\n* LED rojo que parpadea de la misma manera que la bombilla interact\u00faa dentro de la unidad para que puedas \"ver la VELOCIDAD\" del efecto.\r\n* Volumen: establece el volumen de salida.\r\n* Velocidad: establece la velocidad del efecto en cualquier modo.\r\n* Intensidad: establece la intensidad o profundidad del efecto.\r\n* Modo CHORUS y Modo VIBRATO mediante el \"RockerSwitch\" INTERRUPTOR BASCULANTE: establece si est\u00e1 activado el modo Chorus o el modo Vibrato.\r\n* Pulsador de pi\u00e9 CANCEL: activa la bombilla de la l\u00e1mpara para generar el efecto o apaga la l\u00e1mpara para usarla como preamplificador como lo hace el Uni-Vibe original.\r\n* TRUE BYPASS: Pulsador de pi\u00e9 True Bypass 3PDT de calidad superior para activar\/desactivar el efecto.\r\n* INSTRUMENTO: Conector de entrada (Neutrik) de 1\/4 de pulgada (6,5 mm) para instrumentos.\r\n* SALIDA: Conector de salida de 1\/4 de pulgada (6,5 mm) (Neutrik).\r\n* <span style=\"color: #ff0000;\">ALIMENTACI\u00d3N: CC 18 VOLTIOS ~ 200 mA (PIN CENTRAL NEGATIVO COMO PEDALES BOSS) *FUENTE DE ALIMENTACI\u00d3N NO INCLUIDA*<\/span>\r\n* Soft RockerSwitch ROJO\/BLANCO: Pintado a mano con aer\u00f3grafo y lacado con pintura esmalte con acabado brillante.\r\n* 100% cableado y soldado a mano.\r\n* Circuito 100% anal\u00f3gico.\r\n* Material: Gabinete de aluminio.\r\n* Tama\u00f1o: Largo 144 mm x Ancho 110 mm x Alto 60 mm.\r\n* Peso: 500grs. Aprox.<\/span><\/pre>\n","protected":false},"excerpt":{"rendered":"<p>Despu\u00e9s de una importante investigaci\u00f3n, buscando en la web, preguntando a gente que sabe mucho sobre los Uni-Vibes originales de<\/p>\n<p><a href=\"https:\/\/www.sabbadius.com\/?product=fillmore-east-tiny-vibe\" class=\"more-link\">Seguir leyendo<span class=\"screen-reader-text\">Fillmore East Tiny-Vibe<\/span><\/a><\/p>\n","protected":false},"featured_media":1104,"template":"","meta":[],"product_brand":[],"product_cat":[15],"product_tag":[],"class_list":{"0":"post-744","1":"product","2":"type-product","3":"status-publish","4":"has-post-thumbnail","6":"product_cat-sin-categorizar","8":"first","9":"instock","10":"shipping-taxable","11":"product-type-simple"},"_links":{"self":[{"href":"https:\/\/www.sabbadius.com\/index.php?rest_route=\/wp\/v2\/product\/744","targetHints":{"allow":["GET"]}}],"collection":[{"href":"https:\/\/www.sabbadius.com\/index.php?rest_route=\/wp\/v2\/product"}],"about":[{"href":"https:\/\/www.sabbadius.com\/index.php?rest_route=\/wp\/v2\/types\/product"}],"wp:featuredmedia":[{"embeddable":true,"href":"https:\/\/www.sabbadius.com\/index.php?rest_route=\/wp\/v2\/media\/1104"}],"wp:attachment":[{"href":"https:\/\/www.sabbadius.com\/index.php?rest_route=%2Fwp%2Fv2%2Fmedia&parent=744"}],"wp:term":[{"taxonomy":"product_brand","embeddable":true,"href":"https:\/\/www.sabbadius.com\/index.php?rest_route=%2Fwp%2Fv2%2Fproduct_brand&post=744"},{"taxonomy":"product_cat","embeddable":true,"href":"https:\/\/www.sabbadius.com\/index.php?rest_route=%2Fwp%2Fv2%2Fproduct_cat&post=744"},{"taxonomy":"product_tag","embeddable":true,"href":"https:\/\/www.sabbadius.com\/index.php?rest_route=%2Fwp%2Fv2%2Fproduct_tag&post=744"}],"curies":[{"name":"wp","href":"https:\/\/api.w.org\/{rel}","templated":true}]}}