{"id":770,"date":"2024-11-11T13:08:14","date_gmt":"2024-11-11T13:08:14","guid":{"rendered":"https:\/\/www.sabbadius.com\/?post_type=product&#038;p=770"},"modified":"2025-10-31T13:53:20","modified_gmt":"2025-10-31T13:53:20","slug":"1989-hybrid-fuzz-2","status":"publish","type":"product","link":"https:\/\/www.sabbadius.com\/?product=1989-hybrid-fuzz-2","title":{"rendered":"1989 Hybrid Fuzz"},"content":{"rendered":"<pre class=\"tw-data-text tw-text-large tw-ta\" dir=\"ltr\" data-placeholder=\"Traducci\u00f3n\" data-ved=\"2ahUKEwiXyoKzmMuCAxXQr5UCHUU2B1IQ3ewLegQICBAQ\"><span class=\"Y2IQFc\" lang=\"es\">El SABBADIUS 1989 Hybrid Fuzz es un pedal de efecto fuzz que utiliza un transistor de silicio de BAJA GANANCIA en Q1 y un transistor NTE 103 de Germanio NPN de alta ganancia en Q2.\r\nEst\u00e1 inspirado en uno de los guitarristas del Texas Blues m\u00e1s influyentes del mundo, el \u00fanico e inigualable STEVIE RAY VAUGHAN (SRV).\r\nSRV tend\u00eda a preferir tonos limpios y overdrive natural del amplificador de v\u00e1lvulas, pero en 1988 a\u00f1adi\u00f3 un pedal Dallas-Arbiter Fuzz Face original de los a\u00f1os sesenta a su equipo cuando se obsesion\u00f3 con emular los sonidos caracter\u00edsticos de Jimi Hendrix. Desafortunadamente, los transistores PNP de germanio del Fuzz Face eran extremadamente poco confiables cuando se expon\u00edan a las luces calientes del escenario o al sol durante conciertos al aire libre. Stevie coleccion\u00f3 varios pedales Fuzz Face y prob\u00f3 varios durante la prueba de sonido para elegir el que pensaba que sonaba mejor ese d\u00eda en particular. Finalmente, se cans\u00f3 de los transistores poco confiables en sus pedales Fuzz Face, por lo que su t\u00e9cnico de amplificadores C\u00e9sar D\u00edaz los modific\u00f3, quien luego us\u00f3 las modificaciones como base para el pedal Diaz Texas Square Face.\r\n\r\n<\/span><span class=\"Y2IQFc\" lang=\"es\">En el primer Diaz Square Face Fuzz utiliz\u00f3 transistores de germanio NTE 103 NPN que son m\u00e1s estables que los transistores de germanio PNP y el tipo de construcci\u00f3n m\u00e1s moderno brinda m\u00e1s estabilidad en climas c\u00e1lidos y fr\u00edos.\r\n\r\nEl SABBADIUS 1989 Hybrid Fuzz es ENORME en TAMA\u00d1O pero tambien en SONIDO, pero quer\u00eda darle a este pedal en particular un aspecto vintage mezclado con un moderno aspecto minimalista.\r\nTiene una perilla llamada \"WAH WAH TRICK\" que te permite hacer de este Fuzz un \"Wah Wah amigable\", esto significa que puedes usar este pedal de fuzz con un pedal de wah wah sin tener ese molesto ruido tipo acoplador que hace que los pedales de fuzz no sean compatibles con pedales de wah wah, lo que quiero decir es que este Fuzz va a poder ser usado con un pedal de wah wah sin problemas y hacer que tu wah wah suene o m\u00f3dulo como deber\u00eda. Puedes colocar el SABBADIUS 1989 Hybrid Fuzz antes o despu\u00e9s de un pedal wah y usar este mando \u201cWAH WAH TRICK\u201d para establecer la posici\u00f3n correcta para que el ruido molesto desaparezca. Otra cosa a tener en cuenta al usar SABBADIUS 1989 Hybrid Fuzz es que si no quieres usar un wah wah con el fuzz, puedes usar el \u201cWAH WAH TRICK\u201d como \"limpiador de Fuzz\", esto significa que puedes limpiar o eliminar\u00e1 un poco de la \"efervescencia\" del fuzz y lo convertir\u00e1 en un tipo de tonos vidriosos SRV que todos quieren obtener, similar a un pedal Overdrive. Puedes colocar las perillas FUZZ, OUTPUT, WAH WAH TRICK completamente hacia arriba y controlar con el volumen de tu guitarra para limpiar tu tono como si el efecto fuzz estuviera APAGADO y tambi\u00e9n le diera ese tono Glassy.\r\n\r\n<\/span><span class=\"Y2IQFc\" lang=\"es\">La perilla FUZZ es un potenci\u00f3metro HECHO A MEDIDA hecho para SABBADIUS Electronics con una curva especial para tener el mejor control en un pedal fuzz de 0 a 10, brind\u00e1ndole la posibilidad de utilizar todo el potencial del rango de la perilla, brindando as\u00ed m\u00e1s control del FUZZ. .\r\n\r\nEl pedal SABBADIUS 1989 Hybrid Fuzz tiene tres controles con nombre:\r\n\r\nWAH WAH TRICK, FUZZ y OUTPUT (VOLUMEN).\r\n\r\nPRODUCCI\u00d3N:\r\nLa perilla OUTPUT controla el volumen del fuzz.\r\n\r\nFUZZ:\r\nLa perilla FUZZ controla la cantidad de FUZZ que se agrega al sonido.\r\nEste control tambi\u00e9n puede ser manipulado por el control de volumen de la guitarra.\r\n\r\nWAH WAH TRICK:\r\nLa perilla WAH WAH TRICK te permite utilizar un pedal de Wah-Wah con el fuzz. En varios de los pedales de Fuzz que existen en el mercado hoy no se pueden utilizar con un pedal de Wah Wah porque hacen un ruido desagradable accionar el barrido del mismo o no aparece el efecto \"Wah Wah\" perdiendo as\u00ed el efecto de modulaci\u00f3n. Con este control es posible combinar el sonido de fuzz con el Wah Wah ubicandolo antes o despues del wah wah, produciendo as\u00ed un sonido wah-wah original y fuzz juntos y modulando a la perfecci\u00f3n. Esta funci\u00f3n se puede activar o desactivar para controlar y generar \"efervescencia\" en el efecto FUZZ o para utilizarlo como Booster. Es un excelente pedal para guitarra con pastillas de bobina simple y pastillas Humbuckers.\r\n\r\nBias TRIMPOT Inside: Con este trimpot puedes configurar el Bias para Q2 (Transistor NPN NTE103 de germanio) para jugar con el voltaje y obtener tonos y sonidos m\u00e1s personalizados. <strong><em>Tenga en cuenta que la temperatura puede cambiar la GANANCIA de este transistor NPN de germanio y, si eso sucede, puede ajustar el Bias para obtener la mejor respuesta.<\/em><\/strong>\r\n\r\nCARACTER\u00cdSTICAS:\r\n- Pedal con footswitch mec\u00e1nico 100% True Bypass.\r\n- Este Pedal s\u00f3lo funciona con Bater\u00eda de 9v que se puede colocar en la placa inferior alijandola as\u00ed en su soporte para la bater\u00eda.\r\n<\/span><\/pre>\n<pre class=\"tw-data-text tw-text-large tw-ta\" dir=\"ltr\" data-placeholder=\"Traducci\u00f3n\" data-ved=\"2ahUKEwiXyoKzmMuCAxXQr5UCHUU2B1IQ3ewLegQICBAQ\"><span style=\"color: #ff6600;\"><em>*** Tenga en cuenta que el Sabbadius 1989 Hybrid Fuzz est\u00e9ticamente simula ser un pedal vintage por eso va a encontrar en algunas unidades marcas en la pintura o rayones hechos a proposito tambien asi como pintura saltada o con golpesitos tipo pecas, esto es normal y est\u00e1 hecho al proposito, no es un defecto del pedal en si ***<\/em><\/span><\/pre>\n<p>&nbsp;<\/p>\n","protected":false},"excerpt":{"rendered":"<p>El SABBADIUS 1989 Hybrid Fuzz es un pedal de efecto fuzz que utiliza un transistor de silicio de BAJA GANANCIA<\/p>\n<p><a href=\"https:\/\/www.sabbadius.com\/?product=1989-hybrid-fuzz-2\" class=\"more-link\">Seguir leyendo<span class=\"screen-reader-text\">1989 Hybrid Fuzz<\/span><\/a><\/p>\n","protected":false},"featured_media":769,"template":"","meta":[],"product_brand":[],"product_cat":[138,145,157],"product_tag":[],"class_list":{"0":"post-770","1":"product","2":"type-product","3":"status-publish","4":"has-post-thumbnail","6":"product_cat-boost-overdrive-es","7":"product_cat-fuzz","8":"product_cat-fuzz-en","10":"first","11":"outofstock","12":"shipping-taxable","13":"product-type-simple"},"_links":{"self":[{"href":"https:\/\/www.sabbadius.com\/index.php?rest_route=\/wp\/v2\/product\/770","targetHints":{"allow":["GET"]}}],"collection":[{"href":"https:\/\/www.sabbadius.com\/index.php?rest_route=\/wp\/v2\/product"}],"about":[{"href":"https:\/\/www.sabbadius.com\/index.php?rest_route=\/wp\/v2\/types\/product"}],"wp:featuredmedia":[{"embeddable":true,"href":"https:\/\/www.sabbadius.com\/index.php?rest_route=\/wp\/v2\/media\/769"}],"wp:attachment":[{"href":"https:\/\/www.sabbadius.com\/index.php?rest_route=%2Fwp%2Fv2%2Fmedia&parent=770"}],"wp:term":[{"taxonomy":"product_brand","embeddable":true,"href":"https:\/\/www.sabbadius.com\/index.php?rest_route=%2Fwp%2Fv2%2Fproduct_brand&post=770"},{"taxonomy":"product_cat","embeddable":true,"href":"https:\/\/www.sabbadius.com\/index.php?rest_route=%2Fwp%2Fv2%2Fproduct_cat&post=770"},{"taxonomy":"product_tag","embeddable":true,"href":"https:\/\/www.sabbadius.com\/index.php?rest_route=%2Fwp%2Fv2%2Fproduct_tag&post=770"}],"curies":[{"name":"wp","href":"https:\/\/api.w.org\/{rel}","templated":true}]}}