{"id":823,"date":"2024-01-04T21:22:06","date_gmt":"2024-01-04T21:22:06","guid":{"rendered":"https:\/\/www.sabbadius.com\/?post_type=product&#038;p=823"},"modified":"2024-01-04T21:24:06","modified_gmt":"2024-01-04T21:24:06","slug":"sabbadius-foot-control-expression-pedal-with-din-connector","status":"publish","type":"product","link":"https:\/\/www.sabbadius.com\/?product=sabbadius-foot-control-expression-pedal-with-din-connector","title":{"rendered":"Sabbadius FOOT CONTROL Expression Pedal with Din Connector"},"content":{"rendered":"<pre id=\"tw-target-text\" class=\"tw-data-text tw-text-large tw-ta\" dir=\"ltr\" data-placeholder=\"Traducci\u00f3n\" data-ved=\"2ahUKEwivi6ah1cSDAxUaq5UCHemdApIQ3ewLegQICBAQ\"><span class=\"Y2IQFc\" lang=\"es\">El pedal de expresi\u00f3n Sabbadius FOOT CONTROL con conector Din est\u00e1 hecho para r\u00e9plicas originales de Uni-Vibe o Uni-Vibe Original con tipo conector Din y est\u00e1 equipado con un potenci\u00f3metro DUAL GANG STEREO A100K para Shin-ei Uni-Vibe y un potenci\u00f3metro A250K DUAL GANG STEREO para Honey, Unicord y Univox Uni-Vibe.\r\n\r\nDespu\u00e9s de 1 a\u00f1o desarrollando y estudiando todas las piezas para conseguir la est\u00e9tica adecuada como el FOOT CONTROL Uni-Vibe original de la \u00e9poca del 68 como el usado por Jimi Hendrix, finalmente lo conseguimos.\r\n\r\nLa cremallera y el engranaje del potenci\u00f3metro est\u00e1n hechos a medida para un mejor control de la velocidad en cada rango del potenci\u00f3metro y su permanencia en la posici\u00f3n que desea que est\u00e9 la VELOCIDAD. Todo montado por un solo hombre totalmente a mano como todos los pedales Sabbadius.\r\n\r\nTiene el interruptor CANCEL como el pedal de expresi\u00f3n Uni-Vibe Original y conector Din.\r\n\r\nUtilizando doble pie de goma para la placa superior como se ve en las fotos y en pedales antiguos de FOOT CONTROL, tornillos laterales del mismo tipo y est\u00e9ticos fabricados en acero, etc\u2026\r\n\r\n*** Antes de pedir uno de estos pedales, d\u00e9jame saber qu\u00e9 Funky-Vibe tienes para poder darte el correcto para tu Funky-Vibe. ***<\/span><\/pre>\n<p>ATTENTION \/ ATENCI\u00d3N:<br \/>\n* \u00a1NUNCA usar pedales de expresi\u00f3n que NO sea el sugerido por SABBADIUS ya que puede da\u00f1ar el circuito del Funky-Vibe, porfavor consultar antes!<br \/>\n\u00a1Tenga en cuenta antes de conectar el cable del FOOT CONTROL de APAGAR COMPLETAMENTE el Funky-Vibe para prevenir sobrecarga en los<br \/>\ntransistores del LFO!<br \/>\n\u00a1\u00a1\u00a1CUIDADO!!! No conectar por error el cable MONO del instrumento al jack FOOT CONTROL ya que el mismo puede quemar los transistores del LFO,<br \/>\npor eso el jack FOOT CONTROL viene con un tap\u00f3n de goma para prevenir este accidente!<\/p>\n<p>* NEVER use expression pedals other than the one suggested by SABBADIUS<br \/>\nas it may damage the Funky-Vibe circuit, please ask before!<br \/>\nBefore connecting the FOOT CONTROL cable, TURN OFF completely the<br \/>\nFunky-Vibe to prevent overloading the LFO transistors!<br \/>\nWATCH OUT!!! Do not connect a MONO cable to the FOOT CONTROL jack of the instrument by mistake as it can burn<br \/>\nthe LFO transistors, that\u2019s why the FOOT CONTROL jack comes with a rubber stopper to prevent this accident!<\/p>\n","protected":false},"excerpt":{"rendered":"<p>El pedal de expresi\u00f3n Sabbadius FOOT CONTROL con conector Din est\u00e1 hecho para r\u00e9plicas originales de Uni-Vibe o Uni-Vibe Original<\/p>\n<p><a href=\"https:\/\/www.sabbadius.com\/?product=sabbadius-foot-control-expression-pedal-with-din-connector\" class=\"more-link\">Seguir leyendo<span class=\"screen-reader-text\">Sabbadius FOOT CONTROL Expression Pedal with Din Connector<\/span><\/a><\/p>\n","protected":false},"featured_media":800,"template":"","meta":[],"product_brand":[],"product_cat":[77,80,15,88,334,62],"product_tag":[],"class_list":{"0":"post-823","1":"product","2":"type-product","3":"status-publish","4":"has-post-thumbnail","6":"product_cat-sin-categorizar-es-en","7":"product_cat-sin-categorizar-en","8":"product_cat-sin-categorizar","9":"product_cat-sin-categorizar-en-es","10":"product_cat-sin-categorizar-es-en-es","11":"product_cat-sin-categorizar-es","13":"first","14":"instock","15":"shipping-taxable","16":"product-type-simple"},"_links":{"self":[{"href":"https:\/\/www.sabbadius.com\/index.php?rest_route=\/wp\/v2\/product\/823","targetHints":{"allow":["GET"]}}],"collection":[{"href":"https:\/\/www.sabbadius.com\/index.php?rest_route=\/wp\/v2\/product"}],"about":[{"href":"https:\/\/www.sabbadius.com\/index.php?rest_route=\/wp\/v2\/types\/product"}],"wp:featuredmedia":[{"embeddable":true,"href":"https:\/\/www.sabbadius.com\/index.php?rest_route=\/wp\/v2\/media\/800"}],"wp:attachment":[{"href":"https:\/\/www.sabbadius.com\/index.php?rest_route=%2Fwp%2Fv2%2Fmedia&parent=823"}],"wp:term":[{"taxonomy":"product_brand","embeddable":true,"href":"https:\/\/www.sabbadius.com\/index.php?rest_route=%2Fwp%2Fv2%2Fproduct_brand&post=823"},{"taxonomy":"product_cat","embeddable":true,"href":"https:\/\/www.sabbadius.com\/index.php?rest_route=%2Fwp%2Fv2%2Fproduct_cat&post=823"},{"taxonomy":"product_tag","embeddable":true,"href":"https:\/\/www.sabbadius.com\/index.php?rest_route=%2Fwp%2Fv2%2Fproduct_tag&post=823"}],"curies":[{"name":"wp","href":"https:\/\/api.w.org\/{rel}","templated":true}]}}