{"id":840,"date":"2024-11-11T13:08:13","date_gmt":"2024-11-11T13:08:13","guid":{"rendered":"https:\/\/www.sabbadius.com\/?post_type=product&#038;p=840"},"modified":"2025-10-31T13:59:03","modified_gmt":"2025-10-31T13:59:03","slug":"jimi-fuzz-2","status":"publish","type":"product","link":"https:\/\/www.sabbadius.com\/?product=jimi-fuzz-2","title":{"rendered":"JIMI Fuzz"},"content":{"rendered":"<pre id=\"tw-target-text\" class=\"tw-data-text tw-text-large tw-ta\" dir=\"ltr\" data-placeholder=\"Traducci\u00f3n\" data-ved=\"2ahUKEwi1iY-Tm--EAxXJrZUCHQ-jAo4Q3ewLegQICBAV\"><span class=\"Y2IQFc\" lang=\"es\">El JIMI Fuzz est\u00e1 inspirado en el Fuzz utilizado por Jimi Hendrix en Woodstock y Axis Bold As Love Album, este fuzz recrea el sonido de Jimi Hendrix en esa \u00e9poca.\r\n\r\n\r\nEl JIMI Fuzz NO es un clon de Fuzz Face, utiliza transistores de silicio para un sonido m\u00e1s estable en comparaci\u00f3n con los transistores de germanio. Puede obtener esos sonidos brillantes y c\u00e1lidos que pueden atravesar f\u00e1cilmente la mezcla y pueden controlarse usando la perilla de VOLUMEN de su guitarra.\r\n\r\n\r\nEl sonido de la perilla JIMI Fuzz interact\u00faa con la p\u00faa o el ataque de los dedos y tambi\u00e9n se puede usar para acordes, ya que no ensucia demasiado.\r\nAl configurar el mando Fuzz en 7 para ese sonido de \u201cSpanish Castle Magic\u201d, despu\u00e9s de ese n\u00famero obtendr\u00e1s ese sonido fuzz explosivo y masivo para esa Foxy Lady (Foxey Lady) en WOODSTOCK, esto significa que cambiar\u00e1 dr\u00e1sticamente dependiendo del volumen de entrada (as\u00ed que simplemente bajando el volumen de tu guitarra puedes obtener un sonido completamente diferente) o tu din\u00e1mica de interpretaci\u00f3n. El JIMI Fuzz tiene una alta impedancia de entrada que evita la carga de las pastillas de tu instrumento y conserva su sonido original, con una combinaci\u00f3n de transistores de silicio del tipo PNP y NPN.\r\n\r\n\r\nEl JIMI Fuzz tiene s\u00f3lo 2 controles:\r\n\r\n\r\nDRIVE: Cantidad de Fuzz (MANDO DERECHO)\r\nVolume: controla la cantidad de volumen. (MANDO IZQUIERDO)\r\n<\/span><\/pre>\n","protected":false},"excerpt":{"rendered":"<p>El JIMI Fuzz est\u00e1 inspirado en el Fuzz utilizado por Jimi Hendrix en Woodstock y Axis Bold As Love Album,<\/p>\n<p><a href=\"https:\/\/www.sabbadius.com\/?product=jimi-fuzz-2\" class=\"more-link\">Seguir leyendo<span class=\"screen-reader-text\">JIMI Fuzz<\/span><\/a><\/p>\n","protected":false},"featured_media":836,"template":"","meta":[],"product_brand":[],"product_cat":[15],"product_tag":[],"class_list":{"0":"post-840","1":"product","2":"type-product","3":"status-publish","4":"has-post-thumbnail","6":"product_cat-sin-categorizar","8":"first","9":"outofstock","10":"shipping-taxable","11":"product-type-simple"},"_links":{"self":[{"href":"https:\/\/www.sabbadius.com\/index.php?rest_route=\/wp\/v2\/product\/840","targetHints":{"allow":["GET"]}}],"collection":[{"href":"https:\/\/www.sabbadius.com\/index.php?rest_route=\/wp\/v2\/product"}],"about":[{"href":"https:\/\/www.sabbadius.com\/index.php?rest_route=\/wp\/v2\/types\/product"}],"wp:featuredmedia":[{"embeddable":true,"href":"https:\/\/www.sabbadius.com\/index.php?rest_route=\/wp\/v2\/media\/836"}],"wp:attachment":[{"href":"https:\/\/www.sabbadius.com\/index.php?rest_route=%2Fwp%2Fv2%2Fmedia&parent=840"}],"wp:term":[{"taxonomy":"product_brand","embeddable":true,"href":"https:\/\/www.sabbadius.com\/index.php?rest_route=%2Fwp%2Fv2%2Fproduct_brand&post=840"},{"taxonomy":"product_cat","embeddable":true,"href":"https:\/\/www.sabbadius.com\/index.php?rest_route=%2Fwp%2Fv2%2Fproduct_cat&post=840"},{"taxonomy":"product_tag","embeddable":true,"href":"https:\/\/www.sabbadius.com\/index.php?rest_route=%2Fwp%2Fv2%2Fproduct_tag&post=840"}],"curies":[{"name":"wp","href":"https:\/\/api.w.org\/{rel}","templated":true}]}}