{"id":978,"date":"2024-12-16T13:29:10","date_gmt":"2024-12-16T13:29:10","guid":{"rendered":"https:\/\/www.sabbadius.com\/?post_type=product&#038;p=978"},"modified":"2025-10-31T13:50:55","modified_gmt":"2025-10-31T13:50:55","slug":"funky-vibe-rs-real-size-2","status":"publish","type":"product","link":"https:\/\/www.sabbadius.com\/?product=funky-vibe-rs-real-size-2","title":{"rendered":"Funky &#8211; Vibe RS (Real Size)"},"content":{"rendered":"<p>En 2023, adquir\u00ed un Uni-Vibe Original Honey\/Shin-ei de transici\u00f3n 1968\/1969, y no pude evitar preguntarme por qu\u00e9 no pod\u00eda crear una r\u00e9plica que se viera, se sintiera y sonara exactamente como el original. As\u00ed que, a principios de 2024, emprend\u00ed un viaje para medir, trazar y replicar meticulosamente los patrones de PCB originales, layers y componentes. Debo admitir que fue un desaf\u00edo formidable, pero despu\u00e9s de meses de dedicaci\u00f3n, finalmente logr\u00e9 crear el Nuevo SABBADIUS Funky-Vibe Real Size (RS).<\/p>\n<p>El Uni-Vibe tiene dos \u00e9pocas distintas: 1968 para Honey y 1969 para Shin-ei. La \u00e9poca Funky-Vibe 1968 tiene un latido m\u00e1s intenso que la versi\u00f3n de 1969, con un rango de velocidad m\u00e1s amplio que va desde velocidades lentas y palpitantes hasta pulsos r\u00e1pidos, como se escucha en la canci\u00f3n Voodoo Child (Slight Return) de Jimi Hendrix a los 2:07, durante su ic\u00f3nica actuaci\u00f3n en el concierto de Maui. Por otro lado, la \u00e9poca Funky-Vibe 1969 tiene un latido m\u00e1s redondeado y un tono m\u00e1s dulce, perfecto para velocidades m\u00e1s lentas, como se escucha en la canci\u00f3n Machine Gun del concierto de The Fillmore East.<\/p>\n<p>Despu\u00e9s de una importante inversi\u00f3n en fotorresistencias LDR\/CDS, largas horas de prueba y m\u00e1s de 5 prototipos probados una y otra vez, finalmente logramos dar en el blanco. SABBADIUS fabrica su Funky-Vibe RS con los componentes y especificaciones de la antigua versi\u00f3n de 1968 Honey y 1969 Shin-ei. Utilizamos fotorresistencias personalizadas (LDR\/CDS) para darle al Funky-Vibe RS el sonido original del Uni-Vibe.<\/p>\n<p>Los transistores utilizados aqu\u00ed son 2sC828 para la se\u00f1al y la ruta LFO y 2sC539, un tipo similar de transistor para la secci\u00f3n de preamplificador, al igual que en el Uni-Vibe original. El pedal cuenta con 2 perillas, que ajustan el VOLUMEN y la INTENSIDAD. Tiene un conector DIN 5 hembra para conectar el pedal de expresi\u00f3n (FOOT CONTROL) que te permite controlar la velocidad con el pie, al igual que en el Uni-Vibe original.<\/p>\n<p>El SABBADIUS Funky-Vibe RS <strong><span style=\"color: #ff0000;\">No<\/span><\/strong> es True-Bypass al igual que el Uni-Vibe original, lo que te permite utilizar el preamplificador incorporado del pedal para crear ese tono vintage. Puedes lograr esto posicionando el pedal de expresi\u00f3n hacia atr\u00e1s para activar el interruptor CANCEL y desactivar el efecto de vibrato, dejando solo el preamplificador encendido. La funci\u00f3n CANCEL te permite utilizar el pedal como preamplificador, apagando la bombilla de la l\u00e1mpara y manteniendo una alta impedancia en las fotorresistencias, lo que le da al sonido un tono de preamplificador maravilloso y sonido como en el Uni-Vibe original.<\/p>\n<p>Cuenta con un interruptor de conmutaci\u00f3n suave pintado a mano con aer\u00f3grafo y barnizado con pintura de esmalte con acabado brillante. Con el interruptor de conmutaci\u00f3n suave ROJO\/BLANCO, configuras los diferentes modos. Cuando la posici\u00f3n ROJA est\u00e1 hacia abajo, se activa el modo <span style=\"color: #ff0000;\">\u00abCHORUS\u00bb<\/span> y cuando la posici\u00f3n BLANCA est\u00e1 hacia abajo, est\u00e1s en modo <span style=\"color: #ffffff;\">\u00abVIBRATO\u00bb<\/span>.<\/p>\n<p>(Teniendo en cuenta que solo se utiliza el preamplificador sin la oscilaci\u00f3n, puedes cambiar los modos de <span style=\"color: #ff0000;\">\u00abCHORUS\u00bb<\/span> a <span style=\"color: #ffffff;\">\u00abVIBRATO\u00bb<\/span> y aumentar\u00e1s la ganancia y el cuerpo de tu sonido. \u00a1Te va a encantar&#8230; CONF\u00cdA EN M\u00cd, a Jimi tambi\u00e9n le encantaba, para algunos expertos, ese era el secreto del tono limpio de Jimi!)<\/p>\n<p>El SABBADIUS Funky-Vibe RS tiene un transformador incorporado dentro del compartimiento, al igual que el Uni-Vibe original, y el cable de alimentaci\u00f3n desde la unidad hasta la pared, por lo que est\u00e1 listo para conectar y ser usado. El transformador de entrada puede ser de 100Vac, 120Vac, 127Vac, 220Vac, 230Vac y 240Vac para la entrada, proporcionando la cantidad correcta de potencia de salida. El pedal se enviar\u00e1 con el transformador correcto para el pa\u00eds que realiza el pedido. Por ejemplo, si eres de Australia, recibir\u00e1s un Funky-Vibe con un transformador de 230Vac\/240Vac para la entrada, y si eres de Estados Unidos, recibir\u00e1s un transformador de 120Vac para la entrada y el cable de alimentaci\u00f3n correcto con conectores paralelos para la pared.<\/p>\n<p>El pedal tiene un z\u00f3calo de fusible con un fusible dentro que est\u00e1 all\u00ed para proteger el circuito en caso de sobrecarga de voltaje.<\/p>\n<p>Especificaciones:<\/p>\n<p>&#8211; VOLUMEN: ajusta el volumen de salida.<br \/>\n&#8211; FOOT CONTRO (CONTROL DE PIE): ajusta la velocidad del efecto en cualquiera de los modos.<br \/>\n&#8211; INTENSITY (INTENSIDAD): ajusta la intensidad o profundidad del efecto.<br \/>\n&#8211; INTERRUPTOR DE CONMUTACI\u00d3N SUAVE ROJO\/BLANCO: ajusta si se activa el modo<span style=\"color: #ff0000;\">\u00abCHORUS\u00bb<\/span> o\u00a0<span style=\"color: #ffffff;\">\u00abVIBRATO\u00bb<\/span><br \/>\n&#8211; INTERRUPTOR CANCEL: activa la bombilla de la l\u00e1mpara para hacer andar el efecto o apaga la bombilla para utilizarlo como preamplificador.<br \/>\n&#8211; INTERRUPTOR DE ENCENDIDO\/APAGADO: permite que la corriente fluya hacia el circuito. (ESTE INTERRUPTOR DEBES MANTENERLO SIEMPRE ENCENDIDO, DE LO CONTRARIO NO HABR\u00c1 SONIDO)<br \/>\n&#8211; ENTRADA DE INSTRUMENTOS 1 y 2: conector de entrada de 1\/4 de pulgada (6,5 mm) para instrumentos.<br \/>\n&#8211; SALIDA: conector de salida de 1\/4 de pulgada (6,5 mm) para amplificadores o otros efectos.<br \/>\n&#8211; TRANSFORMADOR DE ENTRADA: 100v, 120v, 127v, 220v, 230v, o 240v CA.<br \/>\n&#8211; INTERRUPTOR DE CONMUTACI\u00d3N SUAVE <span style=\"color: #ff0000;\">\u00abCHORUS\u00bb<\/span> a <span style=\"color: #ffffff;\">\u00abVIBRATO\u00bb<\/span>: pintado a mano con aer\u00f3grafo y barnizado con pintura de esmalte con acabado brillante.<br \/>\n&#8211; Z\u00d3CALO DE FUSIBLE con un fusible dentro que est\u00e1 all\u00ed para proteger el circuito en caso de sobrecarga de voltaje.<br \/>\n&#8211; 1 fusible de respaldo y 2 transistores 2sC828 de respaldo para la se\u00f1al LFO.<br \/>\n&#8211; Todos los SABBADIUS Funky-Vibe RS est\u00e1n equipados con fotorresistencias personalizadas de 7 mm exclusivas para SABBADIUS Electronics.<br \/>\n&#8211; Bombilla de l\u00e1mpara original de los a\u00f1os 60\/70 japonesa<br \/>\n&#8211; 100% cableado y soldadura a mano.<br \/>\n&#8211; 2 a\u00f1os de garant\u00eda internacional.<br \/>\n&#8211; Circuito 100% anal\u00f3gico.<br \/>\n&#8211; Material: compartimiento met\u00e1lico.<br \/>\n&#8211; Tama\u00f1o: largo 265 mm x ancho 160 mm x alto 80 mm.<br \/>\n&#8211; Peso: 1,5 kgrs. Aprox. (control de pie + Funky-Vibe RS)<\/p>\n<p>NOTA:<br \/>\n&#8211; NUNCA utilices pedales de expresi\u00f3n que no sean los sugeridos por SABBADIUS, ya que pueden da\u00f1ar el circuito LFO del Funky-Vibe RS. Por favor, preg\u00fantale antes.<br \/>\n&#8211; Antes de conectar el cable del control de pie, APAGA completamente el Funky-Vibe RS para evitar sobrecargar los transistores LFO.<\/p>\n","protected":false},"excerpt":{"rendered":"<p>En 2023, adquir\u00ed un Uni-Vibe Original Honey\/Shin-ei de transici\u00f3n 1968\/1969, y no pude evitar preguntarme por qu\u00e9 no pod\u00eda crear<\/p>\n<p><a href=\"https:\/\/www.sabbadius.com\/?product=funky-vibe-rs-real-size-2\" class=\"more-link\">Seguir leyendo<span class=\"screen-reader-text\">Funky &#8211; Vibe RS (Real Size)<\/span><\/a><\/p>\n","protected":false},"featured_media":953,"template":"","meta":[],"product_brand":[],"product_cat":[15],"product_tag":[],"class_list":{"0":"post-978","1":"product","2":"type-product","3":"status-publish","4":"has-post-thumbnail","6":"product_cat-sin-categorizar","8":"first","9":"instock","10":"featured","11":"shipping-taxable","12":"product-type-simple"},"_links":{"self":[{"href":"https:\/\/www.sabbadius.com\/index.php?rest_route=\/wp\/v2\/product\/978","targetHints":{"allow":["GET"]}}],"collection":[{"href":"https:\/\/www.sabbadius.com\/index.php?rest_route=\/wp\/v2\/product"}],"about":[{"href":"https:\/\/www.sabbadius.com\/index.php?rest_route=\/wp\/v2\/types\/product"}],"wp:featuredmedia":[{"embeddable":true,"href":"https:\/\/www.sabbadius.com\/index.php?rest_route=\/wp\/v2\/media\/953"}],"wp:attachment":[{"href":"https:\/\/www.sabbadius.com\/index.php?rest_route=%2Fwp%2Fv2%2Fmedia&parent=978"}],"wp:term":[{"taxonomy":"product_brand","embeddable":true,"href":"https:\/\/www.sabbadius.com\/index.php?rest_route=%2Fwp%2Fv2%2Fproduct_brand&post=978"},{"taxonomy":"product_cat","embeddable":true,"href":"https:\/\/www.sabbadius.com\/index.php?rest_route=%2Fwp%2Fv2%2Fproduct_cat&post=978"},{"taxonomy":"product_tag","embeddable":true,"href":"https:\/\/www.sabbadius.com\/index.php?rest_route=%2Fwp%2Fv2%2Fproduct_tag&post=978"}],"curies":[{"name":"wp","href":"https:\/\/api.w.org\/{rel}","templated":true}]}}